{"id":25050,"date":"2025-11-30T15:39:08","date_gmt":"2025-11-30T13:39:08","guid":{"rendered":"https:\/\/hotta.eu\/?post_type=product&#038;p=25050"},"modified":"2026-02-28T16:02:29","modified_gmt":"2026-02-28T14:02:29","slug":"sicilian-scorpion-hot-sauce","status":"publish","type":"product","link":"https:\/\/hotta.eu\/lv\/shop\/sicilian-scorpion-hot-sauce\/","title":{"rendered":"Sicilian Scorpion Hot Sauce"},"content":{"rendered":"<p><strong>Sast\u0101vda\u013cas<\/strong><br \/>\nBaltais eti\u0137is, Scorpion \u010dili, tom\u0101tu biezenis, citrona sula, ol\u012bve\u013c\u013ca, \u0137iploki, piparu graudi, ko\u0161era s\u0101ls, grauzd\u0113ti s\u012bpoli, oregano un baziliks.<\/p>\n<p><strong>Uzturv\u0113rt\u012bba (5 g)<br \/>\n<\/strong>Ener\u0123\u0113tisk\u0101 v\u0113rt\u012bba 2 kcal (8 kJ), og\u013chidr\u0101ti &lt;1 g, s\u0101ls 0,15 g.<\/p>\n<p><strong>Der\u012bguma termi\u0146\u0161 un uzglab\u0101\u0161ana<\/strong><br \/>\nDer\u012bguma termi\u0146\u0161 uz pudeles attiecas uz neatv\u0113rtiem produktiem. Atv\u0113rtu produktu j\u0101uzglab\u0101 ledusskap\u012b.<\/p>\n","protected":false},"excerpt":{"rendered":"<p>\u0160is m\u0113rce apvieno Trinidad Moruga Scorpion \u010dili asumu ar Sic\u012blijas virtuves svaigaj\u0101m un saules pies\u0101tin\u0101taj\u0101m gar\u0161\u0101m. Tom\u0101tu biezenis, citrona sula un ol\u012bve\u013c\u013ca rada dzirksto\u0161u un t\u012bru profilu, ko papildina \u0137iploki, grauzd\u0113ti s\u012bpoli un arom\u0101tiski Vidusj\u016bras gar\u0161augi.<br \/>\n[ywcwtl_form product_id=\"\"]<\/p>\n","protected":false},"featured_media":25057,"comment_status":"open","ping_status":"closed","template":"","meta":[],"product_cat":[926,920,916],"product_tag":[],"giftcard-category":[],"class_list":{"0":"post-25050","1":"product","2":"type-product","3":"status-publish","4":"has-post-thumbnail","6":"product_cat-ass","7":"product_cat-hot-ones-lv","8":"product_cat-merces","9":"pa_brand-queen-majesty","11":"first","12":"outofstock","13":"taxable","14":"shipping-taxable","15":"purchasable","16":"product-type-simple"},"yoast_head":"<!-- This site is optimized with the Yoast SEO plugin v27.3 - https:\/\/yoast.com\/product\/yoast-seo-wordpress\/ -->\n<title>Sicilian Scorpion Hot Sauce - Hotta<\/title>\n<meta name=\"description\" content=\"\u0160\u012b m\u0113rce apvieno Trinidad Moruga Scorpion \u010dili aso intensit\u0101ti ar Sic\u012blijas virtuves svaigaj\u0101m un saul\u0113 nogatavin\u0101taj\u0101m gar\u0161\u0101m. Tom\u0101tu biezenis, citrona sula un ol\u012bve\u013c\u013ca veido dzirksto\u0161u un t\u012bru profilu, ko papildina \u0137iploki, grauzd\u0113ti s\u012bpoli un arom\u0101tiski Vidusj\u016bras gar\u0161augi.\" \/>\n<meta name=\"robots\" content=\"index, follow, max-snippet:-1, max-image-preview:large, max-video-preview:-1\" \/>\n<link rel=\"canonical\" href=\"https:\/\/hotta.eu\/lv\/shop\/sicilian-scorpion-hot-sauce\/\" \/>\n<meta property=\"og:locale\" content=\"lv_LV\" \/>\n<meta property=\"og:type\" content=\"article\" \/>\n<meta property=\"og:title\" content=\"Sicilian Scorpion Hot Sauce - Hotta\" \/>\n<meta property=\"og:description\" content=\"\u0160\u012b m\u0113rce apvieno Trinidad Moruga Scorpion \u010dili aso intensit\u0101ti ar Sic\u012blijas virtuves svaigaj\u0101m un saul\u0113 nogatavin\u0101taj\u0101m gar\u0161\u0101m. Tom\u0101tu biezenis, citrona sula un ol\u012bve\u013c\u013ca veido dzirksto\u0161u un t\u012bru profilu, ko papildina \u0137iploki, grauzd\u0113ti s\u012bpoli un arom\u0101tiski Vidusj\u016bras gar\u0161augi.\" \/>\n<meta property=\"og:url\" content=\"https:\/\/hotta.eu\/lv\/shop\/sicilian-scorpion-hot-sauce\/\" \/>\n<meta property=\"og:site_name\" content=\"Hotta\" \/>\n<meta property=\"article:publisher\" content=\"https:\/\/www.facebook.com\/hotta.eu\" \/>\n<meta property=\"article:modified_time\" content=\"2026-02-28T14:02:29+00:00\" \/>\n<meta property=\"og:image\" content=\"https:\/\/hotta.eu\/wp-content\/uploads\/2025\/11\/qm-sicilian-scorpion.jpg\" \/>\n\t<meta property=\"og:image:width\" content=\"1500\" \/>\n\t<meta property=\"og:image:height\" content=\"1500\" \/>\n\t<meta property=\"og:image:type\" content=\"image\/jpeg\" \/>\n<meta name=\"twitter:card\" content=\"summary_large_image\" \/>\n<meta name=\"twitter:site\" content=\"@hottashop\" \/>\n<meta name=\"twitter:label1\" content=\"Est. reading time\" \/>\n\t<meta name=\"twitter:data1\" content=\"1 minute\" \/>\n<script type=\"application\/ld+json\" class=\"yoast-schema-graph\">{\"@context\":\"https:\\\/\\\/schema.org\",\"@graph\":[{\"@type\":\"WebPage\",\"@id\":\"https:\\\/\\\/hotta.eu\\\/lv\\\/shop\\\/sicilian-scorpion-hot-sauce\\\/\",\"url\":\"https:\\\/\\\/hotta.eu\\\/lv\\\/shop\\\/sicilian-scorpion-hot-sauce\\\/\",\"name\":\"Sicilian Scorpion Hot Sauce - Hotta\",\"isPartOf\":{\"@id\":\"https:\\\/\\\/hotta.eu\\\/lv\\\/#website\"},\"primaryImageOfPage\":{\"@id\":\"https:\\\/\\\/hotta.eu\\\/lv\\\/shop\\\/sicilian-scorpion-hot-sauce\\\/#primaryimage\"},\"image\":{\"@id\":\"https:\\\/\\\/hotta.eu\\\/lv\\\/shop\\\/sicilian-scorpion-hot-sauce\\\/#primaryimage\"},\"thumbnailUrl\":\"https:\\\/\\\/hotta.eu\\\/wp-content\\\/uploads\\\/2025\\\/11\\\/qm-sicilian-scorpion.jpg\",\"datePublished\":\"2025-11-30T13:39:08+00:00\",\"dateModified\":\"2026-02-28T14:02:29+00:00\",\"description\":\"\u0160\u012b m\u0113rce apvieno Trinidad Moruga Scorpion \u010dili aso intensit\u0101ti ar Sic\u012blijas virtuves svaigaj\u0101m un saul\u0113 nogatavin\u0101taj\u0101m gar\u0161\u0101m. Tom\u0101tu biezenis, citrona sula un ol\u012bve\u013c\u013ca veido dzirksto\u0161u un t\u012bru profilu, ko papildina \u0137iploki, grauzd\u0113ti s\u012bpoli un arom\u0101tiski Vidusj\u016bras gar\u0161augi.\",\"breadcrumb\":{\"@id\":\"https:\\\/\\\/hotta.eu\\\/lv\\\/shop\\\/sicilian-scorpion-hot-sauce\\\/#breadcrumb\"},\"inLanguage\":\"lv-LV\",\"potentialAction\":[{\"@type\":\"ReadAction\",\"target\":[\"https:\\\/\\\/hotta.eu\\\/lv\\\/shop\\\/sicilian-scorpion-hot-sauce\\\/\"]}]},{\"@type\":\"ImageObject\",\"inLanguage\":\"lv-LV\",\"@id\":\"https:\\\/\\\/hotta.eu\\\/lv\\\/shop\\\/sicilian-scorpion-hot-sauce\\\/#primaryimage\",\"url\":\"https:\\\/\\\/hotta.eu\\\/wp-content\\\/uploads\\\/2025\\\/11\\\/qm-sicilian-scorpion.jpg\",\"contentUrl\":\"https:\\\/\\\/hotta.eu\\\/wp-content\\\/uploads\\\/2025\\\/11\\\/qm-sicilian-scorpion.jpg\",\"width\":1500,\"height\":1500},{\"@type\":\"BreadcrumbList\",\"@id\":\"https:\\\/\\\/hotta.eu\\\/lv\\\/shop\\\/sicilian-scorpion-hot-sauce\\\/#breadcrumb\",\"itemListElement\":[{\"@type\":\"ListItem\",\"position\":1,\"name\":\"S\u0101kums\",\"item\":\"https:\\\/\\\/hotta.eu\\\/lv\\\/sakumlapa\\\/\"},{\"@type\":\"ListItem\",\"position\":2,\"name\":\"Veikals\",\"item\":\"https:\\\/\\\/hotta.eu\\\/lv\\\/shop\\\/\"},{\"@type\":\"ListItem\",\"position\":3,\"name\":\"Sicilian Scorpion Hot Sauce\"}]},{\"@type\":\"WebSite\",\"@id\":\"https:\\\/\\\/hotta.eu\\\/lv\\\/#website\",\"url\":\"https:\\\/\\\/hotta.eu\\\/lv\\\/\",\"name\":\"Hotta\",\"description\":\"Makes your mouth burn a lotta!\",\"publisher\":{\"@id\":\"https:\\\/\\\/hotta.eu\\\/lv\\\/#organization\"},\"potentialAction\":[{\"@type\":\"SearchAction\",\"target\":{\"@type\":\"EntryPoint\",\"urlTemplate\":\"https:\\\/\\\/hotta.eu\\\/lv\\\/?s={search_term_string}\"},\"query-input\":{\"@type\":\"PropertyValueSpecification\",\"valueRequired\":true,\"valueName\":\"search_term_string\"}}],\"inLanguage\":\"lv-LV\"},{\"@type\":\"Organization\",\"@id\":\"https:\\\/\\\/hotta.eu\\\/lv\\\/#organization\",\"name\":\"Hotta\",\"url\":\"https:\\\/\\\/hotta.eu\\\/lv\\\/\",\"logo\":{\"@type\":\"ImageObject\",\"inLanguage\":\"lv-LV\",\"@id\":\"https:\\\/\\\/hotta.eu\\\/lv\\\/#\\\/schema\\\/logo\\\/image\\\/\",\"url\":\"https:\\\/\\\/hotta.eu\\\/wp-content\\\/uploads\\\/2025\\\/04\\\/hotta-logo-invoice.png\",\"contentUrl\":\"https:\\\/\\\/hotta.eu\\\/wp-content\\\/uploads\\\/2025\\\/04\\\/hotta-logo-invoice.png\",\"width\":600,\"height\":411,\"caption\":\"Hotta\"},\"image\":{\"@id\":\"https:\\\/\\\/hotta.eu\\\/lv\\\/#\\\/schema\\\/logo\\\/image\\\/\"},\"sameAs\":[\"https:\\\/\\\/www.facebook.com\\\/hotta.eu\",\"https:\\\/\\\/x.com\\\/hottashop\",\"https:\\\/\\\/www.instagram.com\\\/hotta.shop\"]}]}<\/script>\n<!-- \/ Yoast SEO plugin. -->","yoast_head_json":{"title":"Sicilian Scorpion Hot Sauce - Hotta","description":"\u0160\u012b m\u0113rce apvieno Trinidad Moruga Scorpion \u010dili aso intensit\u0101ti ar Sic\u012blijas virtuves svaigaj\u0101m un saul\u0113 nogatavin\u0101taj\u0101m gar\u0161\u0101m. Tom\u0101tu biezenis, citrona sula un ol\u012bve\u013c\u013ca veido dzirksto\u0161u un t\u012bru profilu, ko papildina \u0137iploki, grauzd\u0113ti s\u012bpoli un arom\u0101tiski Vidusj\u016bras gar\u0161augi.","robots":{"index":"index","follow":"follow","max-snippet":"max-snippet:-1","max-image-preview":"max-image-preview:large","max-video-preview":"max-video-preview:-1"},"canonical":"https:\/\/hotta.eu\/lv\/shop\/sicilian-scorpion-hot-sauce\/","og_locale":"lv_LV","og_type":"article","og_title":"Sicilian Scorpion Hot Sauce - Hotta","og_description":"\u0160\u012b m\u0113rce apvieno Trinidad Moruga Scorpion \u010dili aso intensit\u0101ti ar Sic\u012blijas virtuves svaigaj\u0101m un saul\u0113 nogatavin\u0101taj\u0101m gar\u0161\u0101m. Tom\u0101tu biezenis, citrona sula un ol\u012bve\u013c\u013ca veido dzirksto\u0161u un t\u012bru profilu, ko papildina \u0137iploki, grauzd\u0113ti s\u012bpoli un arom\u0101tiski Vidusj\u016bras gar\u0161augi.","og_url":"https:\/\/hotta.eu\/lv\/shop\/sicilian-scorpion-hot-sauce\/","og_site_name":"Hotta","article_publisher":"https:\/\/www.facebook.com\/hotta.eu","article_modified_time":"2026-02-28T14:02:29+00:00","og_image":[{"width":1500,"height":1500,"url":"https:\/\/hotta.eu\/wp-content\/uploads\/2025\/11\/qm-sicilian-scorpion.jpg","type":"image\/jpeg"}],"twitter_card":"summary_large_image","twitter_site":"@hottashop","twitter_misc":{"Est. reading time":"1 minute"},"schema":{"@context":"https:\/\/schema.org","@graph":[{"@type":"WebPage","@id":"https:\/\/hotta.eu\/lv\/shop\/sicilian-scorpion-hot-sauce\/","url":"https:\/\/hotta.eu\/lv\/shop\/sicilian-scorpion-hot-sauce\/","name":"Sicilian Scorpion Hot Sauce - Hotta","isPartOf":{"@id":"https:\/\/hotta.eu\/lv\/#website"},"primaryImageOfPage":{"@id":"https:\/\/hotta.eu\/lv\/shop\/sicilian-scorpion-hot-sauce\/#primaryimage"},"image":{"@id":"https:\/\/hotta.eu\/lv\/shop\/sicilian-scorpion-hot-sauce\/#primaryimage"},"thumbnailUrl":"https:\/\/hotta.eu\/wp-content\/uploads\/2025\/11\/qm-sicilian-scorpion.jpg","datePublished":"2025-11-30T13:39:08+00:00","dateModified":"2026-02-28T14:02:29+00:00","description":"\u0160\u012b m\u0113rce apvieno Trinidad Moruga Scorpion \u010dili aso intensit\u0101ti ar Sic\u012blijas virtuves svaigaj\u0101m un saul\u0113 nogatavin\u0101taj\u0101m gar\u0161\u0101m. Tom\u0101tu biezenis, citrona sula un ol\u012bve\u013c\u013ca veido dzirksto\u0161u un t\u012bru profilu, ko papildina \u0137iploki, grauzd\u0113ti s\u012bpoli un arom\u0101tiski Vidusj\u016bras gar\u0161augi.","breadcrumb":{"@id":"https:\/\/hotta.eu\/lv\/shop\/sicilian-scorpion-hot-sauce\/#breadcrumb"},"inLanguage":"lv-LV","potentialAction":[{"@type":"ReadAction","target":["https:\/\/hotta.eu\/lv\/shop\/sicilian-scorpion-hot-sauce\/"]}]},{"@type":"ImageObject","inLanguage":"lv-LV","@id":"https:\/\/hotta.eu\/lv\/shop\/sicilian-scorpion-hot-sauce\/#primaryimage","url":"https:\/\/hotta.eu\/wp-content\/uploads\/2025\/11\/qm-sicilian-scorpion.jpg","contentUrl":"https:\/\/hotta.eu\/wp-content\/uploads\/2025\/11\/qm-sicilian-scorpion.jpg","width":1500,"height":1500},{"@type":"BreadcrumbList","@id":"https:\/\/hotta.eu\/lv\/shop\/sicilian-scorpion-hot-sauce\/#breadcrumb","itemListElement":[{"@type":"ListItem","position":1,"name":"S\u0101kums","item":"https:\/\/hotta.eu\/lv\/sakumlapa\/"},{"@type":"ListItem","position":2,"name":"Veikals","item":"https:\/\/hotta.eu\/lv\/shop\/"},{"@type":"ListItem","position":3,"name":"Sicilian Scorpion Hot Sauce"}]},{"@type":"WebSite","@id":"https:\/\/hotta.eu\/lv\/#website","url":"https:\/\/hotta.eu\/lv\/","name":"Hotta","description":"Makes your mouth burn a lotta!","publisher":{"@id":"https:\/\/hotta.eu\/lv\/#organization"},"potentialAction":[{"@type":"SearchAction","target":{"@type":"EntryPoint","urlTemplate":"https:\/\/hotta.eu\/lv\/?s={search_term_string}"},"query-input":{"@type":"PropertyValueSpecification","valueRequired":true,"valueName":"search_term_string"}}],"inLanguage":"lv-LV"},{"@type":"Organization","@id":"https:\/\/hotta.eu\/lv\/#organization","name":"Hotta","url":"https:\/\/hotta.eu\/lv\/","logo":{"@type":"ImageObject","inLanguage":"lv-LV","@id":"https:\/\/hotta.eu\/lv\/#\/schema\/logo\/image\/","url":"https:\/\/hotta.eu\/wp-content\/uploads\/2025\/04\/hotta-logo-invoice.png","contentUrl":"https:\/\/hotta.eu\/wp-content\/uploads\/2025\/04\/hotta-logo-invoice.png","width":600,"height":411,"caption":"Hotta"},"image":{"@id":"https:\/\/hotta.eu\/lv\/#\/schema\/logo\/image\/"},"sameAs":["https:\/\/www.facebook.com\/hotta.eu","https:\/\/x.com\/hottashop","https:\/\/www.instagram.com\/hotta.shop"]}]}},"jetpack_sharing_enabled":true,"_links":{"self":[{"href":"https:\/\/hotta.eu\/lv\/wp-json\/wp\/v2\/product\/25050","targetHints":{"allow":["GET"]}}],"collection":[{"href":"https:\/\/hotta.eu\/lv\/wp-json\/wp\/v2\/product"}],"about":[{"href":"https:\/\/hotta.eu\/lv\/wp-json\/wp\/v2\/types\/product"}],"replies":[{"embeddable":true,"href":"https:\/\/hotta.eu\/lv\/wp-json\/wp\/v2\/comments?post=25050"}],"wp:featuredmedia":[{"embeddable":true,"href":"https:\/\/hotta.eu\/lv\/wp-json\/wp\/v2\/media\/25057"}],"wp:attachment":[{"href":"https:\/\/hotta.eu\/lv\/wp-json\/wp\/v2\/media?parent=25050"}],"wp:term":[{"taxonomy":"product_cat","embeddable":true,"href":"https:\/\/hotta.eu\/lv\/wp-json\/wp\/v2\/product_cat?post=25050"},{"taxonomy":"product_tag","embeddable":true,"href":"https:\/\/hotta.eu\/lv\/wp-json\/wp\/v2\/product_tag?post=25050"},{"taxonomy":"giftcard-category","embeddable":true,"href":"https:\/\/hotta.eu\/lv\/wp-json\/wp\/v2\/giftcard-category?post=25050"}],"curies":[{"name":"wp","href":"https:\/\/api.w.org\/{rel}","templated":true}]}}