{"id":25070,"date":"2025-11-30T17:10:28","date_gmt":"2025-11-30T15:10:28","guid":{"rendered":"https:\/\/hotta.eu\/?post_type=product&#038;p=25070"},"modified":"2026-01-14T18:35:58","modified_gmt":"2026-01-14T16:35:58","slug":"peppers-up-hot-sauce","status":"publish","type":"product","link":"https:\/\/hotta.eu\/lv\/shop\/peppers-up-hot-sauce\/","title":{"rendered":"Peppers Up! Hot Sauce"},"content":{"rendered":"<p><strong>Sast\u0101vda\u013cas<br \/>\n<\/strong>Apollo \u010dili biezenis (Apollo \u010dili, eti\u0137is, Apollo \u010dili destil\u0101ts), \u0101bolu eti\u0137is (8% sk\u0101bums), \u016bdens, lauku ogas, mellenes, br\u016bnais cukurs (nerafin\u0113ts cukurniedru cukurs, melase), s\u012bpoli, \u0137iploki (\u0137iploki, \u016bdens, citronsk\u0101be), juzu sula, Apollo \u010dili pulveris, koriandrs, ingvers, melnie pipari.<\/p>\n<p><strong>Uzturv\u0113rt\u012bba (5 ml)<br \/>\n<\/strong>Ener\u0123\u0113tisk\u0101 v\u0113rt\u012bba 0 kcal (0 kJ), og\u013chidr\u0101ti &lt;1 g, s\u0101ls 0,01 g.<\/p>\n<p><strong>Der\u012bguma termi\u0146\u0161 un uzglab\u0101\u0161ana<\/strong><br \/>\nDer\u012bguma termi\u0146\u0161 uz pudeles attiecas uz neatv\u0113rtiem produktiem. Atv\u0113rtu produktu j\u0101uzglab\u0101 ledusskap\u012b.<\/p>\n","protected":false},"excerpt":{"rendered":"<p>\u0160\u012b m\u0113rce izce\u013c Apollo \u010dili aso intensit\u0101ti, apvienojot to ar kazenes, mellenes un yuzu sk\u0101benumu. Asums par\u0101d\u0101s uzreiz, kam seko ogu aug\u013cainums un yuzu svaig\u0101 citrusauga nots. Koriandrs, ingvers un tum\u0161ais cukurs pie\u0161\u0137ir m\u0113rcei daudzsl\u0101\u0146ainu un sp\u0113c\u012bgu gar\u0161as profilu. Ide\u0101li piem\u0113rota gril\u0113tiem \u0113dieniem, c\u016bkga\u013cai vai j\u0113ram \u2013 gar\u0161as piedz\u012bvojums, kas liek sirdij pukst\u0113t strauj\u0101k un gar\u0161as k\u0101rpi\u0146\u0101m mosties.<br \/>\n[ywcwtl_form product_id=\"\"]<\/p>\n","protected":false},"featured_media":25074,"comment_status":"open","ping_status":"closed","template":"","meta":[],"product_cat":[926,916],"product_tag":[],"giftcard-category":[],"class_list":{"0":"post-25070","1":"product","2":"type-product","3":"status-publish","4":"has-post-thumbnail","6":"product_cat-ass","7":"product_cat-merces","8":"pa_brand-high-river-sauces","10":"first","11":"instock","12":"taxable","13":"shipping-taxable","14":"purchasable","15":"product-type-simple"},"yoast_head":"<!-- This site is optimized with the Yoast SEO plugin v27.3 - https:\/\/yoast.com\/product\/yoast-seo-wordpress\/ -->\n<title>Peppers Up! Hot Sauce - Hotta<\/title>\n<meta name=\"description\" content=\"\u0160\u012b m\u0113rce izce\u013c Apollo \u010dili aso intensit\u0101ti, apvienojot to ar kazenes, mellenes un yuzu sk\u0101benumu. Asums par\u0101d\u0101s uzreiz, kam seko ogu aug\u013cainums un yuzu svaig\u0101 citrusauga nots. Koriandrs, ingvers un tum\u0161ais cukurs pie\u0161\u0137ir m\u0113rcei daudzsl\u0101\u0146ainu un sp\u0113c\u012bgu gar\u0161as profilu. Ide\u0101li piem\u0113rota gril\u0113tiem \u0113dieniem, c\u016bkga\u013cai vai j\u0113ram \u2013 gar\u0161as piedz\u012bvojums, kas liek sirdij pukst\u0113t strauj\u0101k un gar\u0161as k\u0101rpi\u0146\u0101m mosties.\" \/>\n<meta name=\"robots\" content=\"index, follow, max-snippet:-1, max-image-preview:large, max-video-preview:-1\" \/>\n<link rel=\"canonical\" href=\"https:\/\/hotta.eu\/lv\/shop\/peppers-up-hot-sauce\/\" \/>\n<meta property=\"og:locale\" content=\"lv_LV\" \/>\n<meta property=\"og:type\" content=\"article\" \/>\n<meta property=\"og:title\" content=\"Peppers Up! Hot Sauce - Hotta\" \/>\n<meta property=\"og:description\" content=\"\u0160\u012b m\u0113rce izce\u013c Apollo \u010dili aso intensit\u0101ti, apvienojot to ar kazenes, mellenes un yuzu sk\u0101benumu. Asums par\u0101d\u0101s uzreiz, kam seko ogu aug\u013cainums un yuzu svaig\u0101 citrusauga nots. Koriandrs, ingvers un tum\u0161ais cukurs pie\u0161\u0137ir m\u0113rcei daudzsl\u0101\u0146ainu un sp\u0113c\u012bgu gar\u0161as profilu. Ide\u0101li piem\u0113rota gril\u0113tiem \u0113dieniem, c\u016bkga\u013cai vai j\u0113ram \u2013 gar\u0161as piedz\u012bvojums, kas liek sirdij pukst\u0113t strauj\u0101k un gar\u0161as k\u0101rpi\u0146\u0101m mosties.\" \/>\n<meta property=\"og:url\" content=\"https:\/\/hotta.eu\/lv\/shop\/peppers-up-hot-sauce\/\" \/>\n<meta property=\"og:site_name\" content=\"Hotta\" \/>\n<meta property=\"article:publisher\" content=\"https:\/\/www.facebook.com\/hotta.eu\" \/>\n<meta property=\"article:modified_time\" content=\"2026-01-14T16:35:58+00:00\" \/>\n<meta property=\"og:image\" content=\"https:\/\/hotta.eu\/wp-content\/uploads\/2025\/11\/high-river-sauces-peppers-up.jpg\" \/>\n\t<meta property=\"og:image:width\" content=\"2008\" \/>\n\t<meta property=\"og:image:height\" content=\"2007\" \/>\n\t<meta property=\"og:image:type\" content=\"image\/jpeg\" \/>\n<meta name=\"twitter:card\" content=\"summary_large_image\" \/>\n<meta name=\"twitter:site\" content=\"@hottashop\" \/>\n<meta name=\"twitter:label1\" content=\"Est. reading time\" \/>\n\t<meta name=\"twitter:data1\" content=\"1 minute\" \/>\n<script type=\"application\/ld+json\" class=\"yoast-schema-graph\">{\"@context\":\"https:\\\/\\\/schema.org\",\"@graph\":[{\"@type\":\"WebPage\",\"@id\":\"https:\\\/\\\/hotta.eu\\\/lv\\\/shop\\\/peppers-up-hot-sauce\\\/\",\"url\":\"https:\\\/\\\/hotta.eu\\\/lv\\\/shop\\\/peppers-up-hot-sauce\\\/\",\"name\":\"Peppers Up! Hot Sauce - Hotta\",\"isPartOf\":{\"@id\":\"https:\\\/\\\/hotta.eu\\\/lv\\\/#website\"},\"primaryImageOfPage\":{\"@id\":\"https:\\\/\\\/hotta.eu\\\/lv\\\/shop\\\/peppers-up-hot-sauce\\\/#primaryimage\"},\"image\":{\"@id\":\"https:\\\/\\\/hotta.eu\\\/lv\\\/shop\\\/peppers-up-hot-sauce\\\/#primaryimage\"},\"thumbnailUrl\":\"https:\\\/\\\/hotta.eu\\\/wp-content\\\/uploads\\\/2025\\\/11\\\/high-river-sauces-peppers-up.jpg\",\"datePublished\":\"2025-11-30T15:10:28+00:00\",\"dateModified\":\"2026-01-14T16:35:58+00:00\",\"description\":\"\u0160\u012b m\u0113rce izce\u013c Apollo \u010dili aso intensit\u0101ti, apvienojot to ar kazenes, mellenes un yuzu sk\u0101benumu. Asums par\u0101d\u0101s uzreiz, kam seko ogu aug\u013cainums un yuzu svaig\u0101 citrusauga nots. Koriandrs, ingvers un tum\u0161ais cukurs pie\u0161\u0137ir m\u0113rcei daudzsl\u0101\u0146ainu un sp\u0113c\u012bgu gar\u0161as profilu. Ide\u0101li piem\u0113rota gril\u0113tiem \u0113dieniem, c\u016bkga\u013cai vai j\u0113ram \u2013 gar\u0161as piedz\u012bvojums, kas liek sirdij pukst\u0113t strauj\u0101k un gar\u0161as k\u0101rpi\u0146\u0101m mosties.\",\"breadcrumb\":{\"@id\":\"https:\\\/\\\/hotta.eu\\\/lv\\\/shop\\\/peppers-up-hot-sauce\\\/#breadcrumb\"},\"inLanguage\":\"lv-LV\",\"potentialAction\":[{\"@type\":\"ReadAction\",\"target\":[\"https:\\\/\\\/hotta.eu\\\/lv\\\/shop\\\/peppers-up-hot-sauce\\\/\"]}]},{\"@type\":\"ImageObject\",\"inLanguage\":\"lv-LV\",\"@id\":\"https:\\\/\\\/hotta.eu\\\/lv\\\/shop\\\/peppers-up-hot-sauce\\\/#primaryimage\",\"url\":\"https:\\\/\\\/hotta.eu\\\/wp-content\\\/uploads\\\/2025\\\/11\\\/high-river-sauces-peppers-up.jpg\",\"contentUrl\":\"https:\\\/\\\/hotta.eu\\\/wp-content\\\/uploads\\\/2025\\\/11\\\/high-river-sauces-peppers-up.jpg\",\"width\":2008,\"height\":2007},{\"@type\":\"BreadcrumbList\",\"@id\":\"https:\\\/\\\/hotta.eu\\\/lv\\\/shop\\\/peppers-up-hot-sauce\\\/#breadcrumb\",\"itemListElement\":[{\"@type\":\"ListItem\",\"position\":1,\"name\":\"S\u0101kums\",\"item\":\"https:\\\/\\\/hotta.eu\\\/lv\\\/sakumlapa\\\/\"},{\"@type\":\"ListItem\",\"position\":2,\"name\":\"Veikals\",\"item\":\"https:\\\/\\\/hotta.eu\\\/lv\\\/shop\\\/\"},{\"@type\":\"ListItem\",\"position\":3,\"name\":\"Peppers Up! Hot Sauce\"}]},{\"@type\":\"WebSite\",\"@id\":\"https:\\\/\\\/hotta.eu\\\/lv\\\/#website\",\"url\":\"https:\\\/\\\/hotta.eu\\\/lv\\\/\",\"name\":\"Hotta\",\"description\":\"Makes your mouth burn a lotta!\",\"publisher\":{\"@id\":\"https:\\\/\\\/hotta.eu\\\/lv\\\/#organization\"},\"potentialAction\":[{\"@type\":\"SearchAction\",\"target\":{\"@type\":\"EntryPoint\",\"urlTemplate\":\"https:\\\/\\\/hotta.eu\\\/lv\\\/?s={search_term_string}\"},\"query-input\":{\"@type\":\"PropertyValueSpecification\",\"valueRequired\":true,\"valueName\":\"search_term_string\"}}],\"inLanguage\":\"lv-LV\"},{\"@type\":\"Organization\",\"@id\":\"https:\\\/\\\/hotta.eu\\\/lv\\\/#organization\",\"name\":\"Hotta\",\"url\":\"https:\\\/\\\/hotta.eu\\\/lv\\\/\",\"logo\":{\"@type\":\"ImageObject\",\"inLanguage\":\"lv-LV\",\"@id\":\"https:\\\/\\\/hotta.eu\\\/lv\\\/#\\\/schema\\\/logo\\\/image\\\/\",\"url\":\"https:\\\/\\\/hotta.eu\\\/wp-content\\\/uploads\\\/2025\\\/04\\\/hotta-logo-invoice.png\",\"contentUrl\":\"https:\\\/\\\/hotta.eu\\\/wp-content\\\/uploads\\\/2025\\\/04\\\/hotta-logo-invoice.png\",\"width\":600,\"height\":411,\"caption\":\"Hotta\"},\"image\":{\"@id\":\"https:\\\/\\\/hotta.eu\\\/lv\\\/#\\\/schema\\\/logo\\\/image\\\/\"},\"sameAs\":[\"https:\\\/\\\/www.facebook.com\\\/hotta.eu\",\"https:\\\/\\\/x.com\\\/hottashop\",\"https:\\\/\\\/www.instagram.com\\\/hotta.shop\"]}]}<\/script>\n<!-- \/ Yoast SEO plugin. -->","yoast_head_json":{"title":"Peppers Up! Hot Sauce - Hotta","description":"\u0160\u012b m\u0113rce izce\u013c Apollo \u010dili aso intensit\u0101ti, apvienojot to ar kazenes, mellenes un yuzu sk\u0101benumu. Asums par\u0101d\u0101s uzreiz, kam seko ogu aug\u013cainums un yuzu svaig\u0101 citrusauga nots. Koriandrs, ingvers un tum\u0161ais cukurs pie\u0161\u0137ir m\u0113rcei daudzsl\u0101\u0146ainu un sp\u0113c\u012bgu gar\u0161as profilu. Ide\u0101li piem\u0113rota gril\u0113tiem \u0113dieniem, c\u016bkga\u013cai vai j\u0113ram \u2013 gar\u0161as piedz\u012bvojums, kas liek sirdij pukst\u0113t strauj\u0101k un gar\u0161as k\u0101rpi\u0146\u0101m mosties.","robots":{"index":"index","follow":"follow","max-snippet":"max-snippet:-1","max-image-preview":"max-image-preview:large","max-video-preview":"max-video-preview:-1"},"canonical":"https:\/\/hotta.eu\/lv\/shop\/peppers-up-hot-sauce\/","og_locale":"lv_LV","og_type":"article","og_title":"Peppers Up! Hot Sauce - Hotta","og_description":"\u0160\u012b m\u0113rce izce\u013c Apollo \u010dili aso intensit\u0101ti, apvienojot to ar kazenes, mellenes un yuzu sk\u0101benumu. Asums par\u0101d\u0101s uzreiz, kam seko ogu aug\u013cainums un yuzu svaig\u0101 citrusauga nots. Koriandrs, ingvers un tum\u0161ais cukurs pie\u0161\u0137ir m\u0113rcei daudzsl\u0101\u0146ainu un sp\u0113c\u012bgu gar\u0161as profilu. Ide\u0101li piem\u0113rota gril\u0113tiem \u0113dieniem, c\u016bkga\u013cai vai j\u0113ram \u2013 gar\u0161as piedz\u012bvojums, kas liek sirdij pukst\u0113t strauj\u0101k un gar\u0161as k\u0101rpi\u0146\u0101m mosties.","og_url":"https:\/\/hotta.eu\/lv\/shop\/peppers-up-hot-sauce\/","og_site_name":"Hotta","article_publisher":"https:\/\/www.facebook.com\/hotta.eu","article_modified_time":"2026-01-14T16:35:58+00:00","og_image":[{"width":2008,"height":2007,"url":"https:\/\/hotta.eu\/wp-content\/uploads\/2025\/11\/high-river-sauces-peppers-up.jpg","type":"image\/jpeg"}],"twitter_card":"summary_large_image","twitter_site":"@hottashop","twitter_misc":{"Est. reading time":"1 minute"},"schema":{"@context":"https:\/\/schema.org","@graph":[{"@type":"WebPage","@id":"https:\/\/hotta.eu\/lv\/shop\/peppers-up-hot-sauce\/","url":"https:\/\/hotta.eu\/lv\/shop\/peppers-up-hot-sauce\/","name":"Peppers Up! Hot Sauce - Hotta","isPartOf":{"@id":"https:\/\/hotta.eu\/lv\/#website"},"primaryImageOfPage":{"@id":"https:\/\/hotta.eu\/lv\/shop\/peppers-up-hot-sauce\/#primaryimage"},"image":{"@id":"https:\/\/hotta.eu\/lv\/shop\/peppers-up-hot-sauce\/#primaryimage"},"thumbnailUrl":"https:\/\/hotta.eu\/wp-content\/uploads\/2025\/11\/high-river-sauces-peppers-up.jpg","datePublished":"2025-11-30T15:10:28+00:00","dateModified":"2026-01-14T16:35:58+00:00","description":"\u0160\u012b m\u0113rce izce\u013c Apollo \u010dili aso intensit\u0101ti, apvienojot to ar kazenes, mellenes un yuzu sk\u0101benumu. Asums par\u0101d\u0101s uzreiz, kam seko ogu aug\u013cainums un yuzu svaig\u0101 citrusauga nots. Koriandrs, ingvers un tum\u0161ais cukurs pie\u0161\u0137ir m\u0113rcei daudzsl\u0101\u0146ainu un sp\u0113c\u012bgu gar\u0161as profilu. Ide\u0101li piem\u0113rota gril\u0113tiem \u0113dieniem, c\u016bkga\u013cai vai j\u0113ram \u2013 gar\u0161as piedz\u012bvojums, kas liek sirdij pukst\u0113t strauj\u0101k un gar\u0161as k\u0101rpi\u0146\u0101m mosties.","breadcrumb":{"@id":"https:\/\/hotta.eu\/lv\/shop\/peppers-up-hot-sauce\/#breadcrumb"},"inLanguage":"lv-LV","potentialAction":[{"@type":"ReadAction","target":["https:\/\/hotta.eu\/lv\/shop\/peppers-up-hot-sauce\/"]}]},{"@type":"ImageObject","inLanguage":"lv-LV","@id":"https:\/\/hotta.eu\/lv\/shop\/peppers-up-hot-sauce\/#primaryimage","url":"https:\/\/hotta.eu\/wp-content\/uploads\/2025\/11\/high-river-sauces-peppers-up.jpg","contentUrl":"https:\/\/hotta.eu\/wp-content\/uploads\/2025\/11\/high-river-sauces-peppers-up.jpg","width":2008,"height":2007},{"@type":"BreadcrumbList","@id":"https:\/\/hotta.eu\/lv\/shop\/peppers-up-hot-sauce\/#breadcrumb","itemListElement":[{"@type":"ListItem","position":1,"name":"S\u0101kums","item":"https:\/\/hotta.eu\/lv\/sakumlapa\/"},{"@type":"ListItem","position":2,"name":"Veikals","item":"https:\/\/hotta.eu\/lv\/shop\/"},{"@type":"ListItem","position":3,"name":"Peppers Up! Hot Sauce"}]},{"@type":"WebSite","@id":"https:\/\/hotta.eu\/lv\/#website","url":"https:\/\/hotta.eu\/lv\/","name":"Hotta","description":"Makes your mouth burn a lotta!","publisher":{"@id":"https:\/\/hotta.eu\/lv\/#organization"},"potentialAction":[{"@type":"SearchAction","target":{"@type":"EntryPoint","urlTemplate":"https:\/\/hotta.eu\/lv\/?s={search_term_string}"},"query-input":{"@type":"PropertyValueSpecification","valueRequired":true,"valueName":"search_term_string"}}],"inLanguage":"lv-LV"},{"@type":"Organization","@id":"https:\/\/hotta.eu\/lv\/#organization","name":"Hotta","url":"https:\/\/hotta.eu\/lv\/","logo":{"@type":"ImageObject","inLanguage":"lv-LV","@id":"https:\/\/hotta.eu\/lv\/#\/schema\/logo\/image\/","url":"https:\/\/hotta.eu\/wp-content\/uploads\/2025\/04\/hotta-logo-invoice.png","contentUrl":"https:\/\/hotta.eu\/wp-content\/uploads\/2025\/04\/hotta-logo-invoice.png","width":600,"height":411,"caption":"Hotta"},"image":{"@id":"https:\/\/hotta.eu\/lv\/#\/schema\/logo\/image\/"},"sameAs":["https:\/\/www.facebook.com\/hotta.eu","https:\/\/x.com\/hottashop","https:\/\/www.instagram.com\/hotta.shop"]}]}},"jetpack_sharing_enabled":true,"_links":{"self":[{"href":"https:\/\/hotta.eu\/lv\/wp-json\/wp\/v2\/product\/25070","targetHints":{"allow":["GET"]}}],"collection":[{"href":"https:\/\/hotta.eu\/lv\/wp-json\/wp\/v2\/product"}],"about":[{"href":"https:\/\/hotta.eu\/lv\/wp-json\/wp\/v2\/types\/product"}],"replies":[{"embeddable":true,"href":"https:\/\/hotta.eu\/lv\/wp-json\/wp\/v2\/comments?post=25070"}],"wp:featuredmedia":[{"embeddable":true,"href":"https:\/\/hotta.eu\/lv\/wp-json\/wp\/v2\/media\/25074"}],"wp:attachment":[{"href":"https:\/\/hotta.eu\/lv\/wp-json\/wp\/v2\/media?parent=25070"}],"wp:term":[{"taxonomy":"product_cat","embeddable":true,"href":"https:\/\/hotta.eu\/lv\/wp-json\/wp\/v2\/product_cat?post=25070"},{"taxonomy":"product_tag","embeddable":true,"href":"https:\/\/hotta.eu\/lv\/wp-json\/wp\/v2\/product_tag?post=25070"},{"taxonomy":"giftcard-category","embeddable":true,"href":"https:\/\/hotta.eu\/lv\/wp-json\/wp\/v2\/giftcard-category?post=25070"}],"curies":[{"name":"wp","href":"https:\/\/api.w.org\/{rel}","templated":true}]}}