{"id":25126,"date":"2025-12-06T11:59:31","date_gmt":"2025-12-06T09:59:31","guid":{"rendered":"https:\/\/hotta.eu\/?post_type=product&#038;p=25126"},"modified":"2025-12-16T11:30:16","modified_gmt":"2025-12-16T09:30:16","slug":"cosmic-disco-hot-sauce","status":"publish","type":"product","link":"https:\/\/hotta.eu\/lv\/shop\/cosmic-disco-hot-sauce\/","title":{"rendered":"Cosmic Disco Hot Sauce"},"content":{"rendered":"<p><strong>Sast\u0101vda\u013cas<\/strong><br \/>\n\u010cili (sarkanais jalapeno un superkarsto mais\u012bjums), br\u016bnais cukurs, eti\u0137is (r\u012bsu v\u012bna un \u0101bolu eti\u0137is), tamari (\u016bdens, sojas pupi\u0146as, s\u0101ls, alkohols), apels\u012bnu sula, \u0137iploki, citronu sula, tom\u0101tu pasta, \u016bdens, ghost \u010dili, s\u0101ls, sezama e\u013c\u013ca, ingvers, gar\u0161vielas, koriandrs, apels\u012bnu mizas r\u012bv\u0113ts.<\/p>\n<p><strong>Uzturv\u0113rt\u012bbas inform\u0101cija (5 g)<br \/>\n<\/strong>Energ\u0113tisk\u0101 v\u0113rt\u012bba 5 kcal (21 kJ), og\u013chidr\u0101ti 1 g, no kuriem cukuri 1 g, s\u0101ls 0,15 g.<\/p>\n<p><strong>Der\u012bguma termi\u0146\u0161 un uzglab\u0101\u0161ana<\/strong><br \/>\nDer\u012bguma termi\u0146\u0161 uz pudeles attiecas uz neatv\u0113rtiem produktiem. Atv\u0113rtu produktu j\u0101uzglab\u0101 ledusskap\u012b.<\/p>\n","protected":false},"excerpt":{"rendered":"<p>\u0160\u012b m\u0113rce apvieno citrusaug\u013cu svaigumu, Scorpion \u010dili asumu un karamell\u012bgo br\u016bn\u0101 cukura noti. Apels\u012bnu sula un apels\u012bna mizi\u0146as arom\u0101ts pie\u0161\u0137ir m\u0113rcei dz\u012bv\u012bgu, viegli r\u016bgtenu citrusaug\u013ca raksturu, savuk\u0101rt tamari sojas m\u0113rce, \u0137iploki un tom\u0101tu pasta pie\u0161\u0137ir gar\u0161ai dzi\u013cumu un piln\u012bgumu. Ghost \u010dili asums par\u0101d\u0101s p\u0113k\u0161\u0146i, l\u0113n\u0101m izplatoties p\u0101r m\u0113li un radot ilgu p\u0113cgar\u0161u. Daudzsl\u0101\u0146aina un ener\u0123iska m\u0113rce, kas lieliski papildina vistas sp\u0101rni\u0146us, dim sumus, ramenus, kebabus un gril\u0113tos \u0113dienus.<br \/>\n[ywcwtl_form product_id=\"\"]<\/p>\n","protected":false},"featured_media":25130,"comment_status":"open","ping_status":"closed","template":"","meta":[],"product_cat":[926,920,916],"product_tag":[],"giftcard-category":[],"class_list":{"0":"post-25126","1":"product","2":"type-product","3":"status-publish","4":"has-post-thumbnail","6":"product_cat-ass","7":"product_cat-hot-ones-lv","8":"product_cat-merces","9":"pa_brand-karma-sauce","11":"first","12":"outofstock","13":"taxable","14":"shipping-taxable","15":"purchasable","16":"product-type-simple"},"yoast_head":"<!-- This site is optimized with the Yoast SEO plugin v27.4 - https:\/\/yoast.com\/product\/yoast-seo-wordpress\/ -->\n<title>Cosmic Disco Hot Sauce - Hotta<\/title>\n<meta name=\"description\" content=\"\u0160\u012b m\u0113rce apvieno citrusaug\u013cu dzirksti, Scorpion \u010dili asumu un karameliz\u0113tu br\u016bno cukuru. Apels\u012bnu sula un apels\u012bnu mizas arom\u0101ts uzlabo gar\u0161u.\" \/>\n<meta name=\"robots\" content=\"index, follow, max-snippet:-1, max-image-preview:large, max-video-preview:-1\" \/>\n<link rel=\"canonical\" href=\"https:\/\/hotta.eu\/lv\/shop\/cosmic-disco-hot-sauce\/\" \/>\n<meta property=\"og:locale\" content=\"lv_LV\" \/>\n<meta property=\"og:type\" content=\"article\" \/>\n<meta property=\"og:title\" content=\"Cosmic Disco Hot Sauce - Hotta\" \/>\n<meta property=\"og:description\" content=\"\u0160\u012b m\u0113rce apvieno citrusaug\u013cu dzirksti, Scorpion \u010dili asumu un karameliz\u0113tu br\u016bno cukuru. Apels\u012bnu sula un apels\u012bnu mizas arom\u0101ts uzlabo gar\u0161u.\" \/>\n<meta property=\"og:url\" content=\"https:\/\/hotta.eu\/lv\/shop\/cosmic-disco-hot-sauce\/\" \/>\n<meta property=\"og:site_name\" content=\"Hotta\" \/>\n<meta property=\"article:publisher\" content=\"https:\/\/www.facebook.com\/hotta.eu\" \/>\n<meta property=\"article:modified_time\" content=\"2025-12-16T09:30:16+00:00\" \/>\n<meta property=\"og:image\" content=\"https:\/\/hotta.eu\/wp-content\/uploads\/2025\/12\/karma-cosmic-disco.jpg\" \/>\n\t<meta property=\"og:image:width\" content=\"2000\" \/>\n\t<meta property=\"og:image:height\" content=\"2000\" \/>\n\t<meta property=\"og:image:type\" content=\"image\/jpeg\" \/>\n<meta name=\"twitter:card\" content=\"summary_large_image\" \/>\n<meta name=\"twitter:site\" content=\"@hottashop\" \/>\n<meta name=\"twitter:label1\" content=\"Est. reading time\" \/>\n\t<meta name=\"twitter:data1\" content=\"1 minute\" \/>\n<script type=\"application\/ld+json\" class=\"yoast-schema-graph\">{\"@context\":\"https:\\\/\\\/schema.org\",\"@graph\":[{\"@type\":\"WebPage\",\"@id\":\"https:\\\/\\\/hotta.eu\\\/lv\\\/shop\\\/cosmic-disco-hot-sauce\\\/\",\"url\":\"https:\\\/\\\/hotta.eu\\\/lv\\\/shop\\\/cosmic-disco-hot-sauce\\\/\",\"name\":\"Cosmic Disco Hot Sauce - Hotta\",\"isPartOf\":{\"@id\":\"https:\\\/\\\/hotta.eu\\\/lv\\\/#website\"},\"primaryImageOfPage\":{\"@id\":\"https:\\\/\\\/hotta.eu\\\/lv\\\/shop\\\/cosmic-disco-hot-sauce\\\/#primaryimage\"},\"image\":{\"@id\":\"https:\\\/\\\/hotta.eu\\\/lv\\\/shop\\\/cosmic-disco-hot-sauce\\\/#primaryimage\"},\"thumbnailUrl\":\"https:\\\/\\\/hotta.eu\\\/wp-content\\\/uploads\\\/2025\\\/12\\\/karma-cosmic-disco.jpg\",\"datePublished\":\"2025-12-06T09:59:31+00:00\",\"dateModified\":\"2025-12-16T09:30:16+00:00\",\"description\":\"\u0160\u012b m\u0113rce apvieno citrusaug\u013cu dzirksti, Scorpion \u010dili asumu un karameliz\u0113tu br\u016bno cukuru. Apels\u012bnu sula un apels\u012bnu mizas arom\u0101ts uzlabo gar\u0161u.\",\"breadcrumb\":{\"@id\":\"https:\\\/\\\/hotta.eu\\\/lv\\\/shop\\\/cosmic-disco-hot-sauce\\\/#breadcrumb\"},\"inLanguage\":\"lv-LV\",\"potentialAction\":[{\"@type\":\"ReadAction\",\"target\":[\"https:\\\/\\\/hotta.eu\\\/lv\\\/shop\\\/cosmic-disco-hot-sauce\\\/\"]}]},{\"@type\":\"ImageObject\",\"inLanguage\":\"lv-LV\",\"@id\":\"https:\\\/\\\/hotta.eu\\\/lv\\\/shop\\\/cosmic-disco-hot-sauce\\\/#primaryimage\",\"url\":\"https:\\\/\\\/hotta.eu\\\/wp-content\\\/uploads\\\/2025\\\/12\\\/karma-cosmic-disco.jpg\",\"contentUrl\":\"https:\\\/\\\/hotta.eu\\\/wp-content\\\/uploads\\\/2025\\\/12\\\/karma-cosmic-disco.jpg\",\"width\":2000,\"height\":2000},{\"@type\":\"BreadcrumbList\",\"@id\":\"https:\\\/\\\/hotta.eu\\\/lv\\\/shop\\\/cosmic-disco-hot-sauce\\\/#breadcrumb\",\"itemListElement\":[{\"@type\":\"ListItem\",\"position\":1,\"name\":\"S\u0101kums\",\"item\":\"https:\\\/\\\/hotta.eu\\\/lv\\\/sakumlapa\\\/\"},{\"@type\":\"ListItem\",\"position\":2,\"name\":\"Veikals\",\"item\":\"https:\\\/\\\/hotta.eu\\\/lv\\\/shop\\\/\"},{\"@type\":\"ListItem\",\"position\":3,\"name\":\"Cosmic Disco Hot Sauce\"}]},{\"@type\":\"WebSite\",\"@id\":\"https:\\\/\\\/hotta.eu\\\/lv\\\/#website\",\"url\":\"https:\\\/\\\/hotta.eu\\\/lv\\\/\",\"name\":\"Hotta\",\"description\":\"Makes your mouth burn a lotta!\",\"publisher\":{\"@id\":\"https:\\\/\\\/hotta.eu\\\/lv\\\/#organization\"},\"potentialAction\":[{\"@type\":\"SearchAction\",\"target\":{\"@type\":\"EntryPoint\",\"urlTemplate\":\"https:\\\/\\\/hotta.eu\\\/lv\\\/?s={search_term_string}\"},\"query-input\":{\"@type\":\"PropertyValueSpecification\",\"valueRequired\":true,\"valueName\":\"search_term_string\"}}],\"inLanguage\":\"lv-LV\"},{\"@type\":\"Organization\",\"@id\":\"https:\\\/\\\/hotta.eu\\\/lv\\\/#organization\",\"name\":\"Hotta\",\"url\":\"https:\\\/\\\/hotta.eu\\\/lv\\\/\",\"logo\":{\"@type\":\"ImageObject\",\"inLanguage\":\"lv-LV\",\"@id\":\"https:\\\/\\\/hotta.eu\\\/lv\\\/#\\\/schema\\\/logo\\\/image\\\/\",\"url\":\"https:\\\/\\\/hotta.eu\\\/wp-content\\\/uploads\\\/2025\\\/04\\\/hotta-logo-invoice.png\",\"contentUrl\":\"https:\\\/\\\/hotta.eu\\\/wp-content\\\/uploads\\\/2025\\\/04\\\/hotta-logo-invoice.png\",\"width\":600,\"height\":411,\"caption\":\"Hotta\"},\"image\":{\"@id\":\"https:\\\/\\\/hotta.eu\\\/lv\\\/#\\\/schema\\\/logo\\\/image\\\/\"},\"sameAs\":[\"https:\\\/\\\/www.facebook.com\\\/hotta.eu\",\"https:\\\/\\\/x.com\\\/hottashop\",\"https:\\\/\\\/www.instagram.com\\\/hotta.shop\"]}]}<\/script>\n<!-- \/ Yoast SEO plugin. -->","yoast_head_json":{"title":"Cosmic Disco Hot Sauce - Hotta","description":"\u0160\u012b m\u0113rce apvieno citrusaug\u013cu dzirksti, Scorpion \u010dili asumu un karameliz\u0113tu br\u016bno cukuru. Apels\u012bnu sula un apels\u012bnu mizas arom\u0101ts uzlabo gar\u0161u.","robots":{"index":"index","follow":"follow","max-snippet":"max-snippet:-1","max-image-preview":"max-image-preview:large","max-video-preview":"max-video-preview:-1"},"canonical":"https:\/\/hotta.eu\/lv\/shop\/cosmic-disco-hot-sauce\/","og_locale":"lv_LV","og_type":"article","og_title":"Cosmic Disco Hot Sauce - Hotta","og_description":"\u0160\u012b m\u0113rce apvieno citrusaug\u013cu dzirksti, Scorpion \u010dili asumu un karameliz\u0113tu br\u016bno cukuru. Apels\u012bnu sula un apels\u012bnu mizas arom\u0101ts uzlabo gar\u0161u.","og_url":"https:\/\/hotta.eu\/lv\/shop\/cosmic-disco-hot-sauce\/","og_site_name":"Hotta","article_publisher":"https:\/\/www.facebook.com\/hotta.eu","article_modified_time":"2025-12-16T09:30:16+00:00","og_image":[{"width":2000,"height":2000,"url":"https:\/\/hotta.eu\/wp-content\/uploads\/2025\/12\/karma-cosmic-disco.jpg","type":"image\/jpeg"}],"twitter_card":"summary_large_image","twitter_site":"@hottashop","twitter_misc":{"Est. reading time":"1 minute"},"schema":{"@context":"https:\/\/schema.org","@graph":[{"@type":"WebPage","@id":"https:\/\/hotta.eu\/lv\/shop\/cosmic-disco-hot-sauce\/","url":"https:\/\/hotta.eu\/lv\/shop\/cosmic-disco-hot-sauce\/","name":"Cosmic Disco Hot Sauce - Hotta","isPartOf":{"@id":"https:\/\/hotta.eu\/lv\/#website"},"primaryImageOfPage":{"@id":"https:\/\/hotta.eu\/lv\/shop\/cosmic-disco-hot-sauce\/#primaryimage"},"image":{"@id":"https:\/\/hotta.eu\/lv\/shop\/cosmic-disco-hot-sauce\/#primaryimage"},"thumbnailUrl":"https:\/\/hotta.eu\/wp-content\/uploads\/2025\/12\/karma-cosmic-disco.jpg","datePublished":"2025-12-06T09:59:31+00:00","dateModified":"2025-12-16T09:30:16+00:00","description":"\u0160\u012b m\u0113rce apvieno citrusaug\u013cu dzirksti, Scorpion \u010dili asumu un karameliz\u0113tu br\u016bno cukuru. Apels\u012bnu sula un apels\u012bnu mizas arom\u0101ts uzlabo gar\u0161u.","breadcrumb":{"@id":"https:\/\/hotta.eu\/lv\/shop\/cosmic-disco-hot-sauce\/#breadcrumb"},"inLanguage":"lv-LV","potentialAction":[{"@type":"ReadAction","target":["https:\/\/hotta.eu\/lv\/shop\/cosmic-disco-hot-sauce\/"]}]},{"@type":"ImageObject","inLanguage":"lv-LV","@id":"https:\/\/hotta.eu\/lv\/shop\/cosmic-disco-hot-sauce\/#primaryimage","url":"https:\/\/hotta.eu\/wp-content\/uploads\/2025\/12\/karma-cosmic-disco.jpg","contentUrl":"https:\/\/hotta.eu\/wp-content\/uploads\/2025\/12\/karma-cosmic-disco.jpg","width":2000,"height":2000},{"@type":"BreadcrumbList","@id":"https:\/\/hotta.eu\/lv\/shop\/cosmic-disco-hot-sauce\/#breadcrumb","itemListElement":[{"@type":"ListItem","position":1,"name":"S\u0101kums","item":"https:\/\/hotta.eu\/lv\/sakumlapa\/"},{"@type":"ListItem","position":2,"name":"Veikals","item":"https:\/\/hotta.eu\/lv\/shop\/"},{"@type":"ListItem","position":3,"name":"Cosmic Disco Hot Sauce"}]},{"@type":"WebSite","@id":"https:\/\/hotta.eu\/lv\/#website","url":"https:\/\/hotta.eu\/lv\/","name":"Hotta","description":"Makes your mouth burn a lotta!","publisher":{"@id":"https:\/\/hotta.eu\/lv\/#organization"},"potentialAction":[{"@type":"SearchAction","target":{"@type":"EntryPoint","urlTemplate":"https:\/\/hotta.eu\/lv\/?s={search_term_string}"},"query-input":{"@type":"PropertyValueSpecification","valueRequired":true,"valueName":"search_term_string"}}],"inLanguage":"lv-LV"},{"@type":"Organization","@id":"https:\/\/hotta.eu\/lv\/#organization","name":"Hotta","url":"https:\/\/hotta.eu\/lv\/","logo":{"@type":"ImageObject","inLanguage":"lv-LV","@id":"https:\/\/hotta.eu\/lv\/#\/schema\/logo\/image\/","url":"https:\/\/hotta.eu\/wp-content\/uploads\/2025\/04\/hotta-logo-invoice.png","contentUrl":"https:\/\/hotta.eu\/wp-content\/uploads\/2025\/04\/hotta-logo-invoice.png","width":600,"height":411,"caption":"Hotta"},"image":{"@id":"https:\/\/hotta.eu\/lv\/#\/schema\/logo\/image\/"},"sameAs":["https:\/\/www.facebook.com\/hotta.eu","https:\/\/x.com\/hottashop","https:\/\/www.instagram.com\/hotta.shop"]}]}},"jetpack_sharing_enabled":true,"_links":{"self":[{"href":"https:\/\/hotta.eu\/lv\/wp-json\/wp\/v2\/product\/25126","targetHints":{"allow":["GET"]}}],"collection":[{"href":"https:\/\/hotta.eu\/lv\/wp-json\/wp\/v2\/product"}],"about":[{"href":"https:\/\/hotta.eu\/lv\/wp-json\/wp\/v2\/types\/product"}],"replies":[{"embeddable":true,"href":"https:\/\/hotta.eu\/lv\/wp-json\/wp\/v2\/comments?post=25126"}],"wp:featuredmedia":[{"embeddable":true,"href":"https:\/\/hotta.eu\/lv\/wp-json\/wp\/v2\/media\/25130"}],"wp:attachment":[{"href":"https:\/\/hotta.eu\/lv\/wp-json\/wp\/v2\/media?parent=25126"}],"wp:term":[{"taxonomy":"product_cat","embeddable":true,"href":"https:\/\/hotta.eu\/lv\/wp-json\/wp\/v2\/product_cat?post=25126"},{"taxonomy":"product_tag","embeddable":true,"href":"https:\/\/hotta.eu\/lv\/wp-json\/wp\/v2\/product_tag?post=25126"},{"taxonomy":"giftcard-category","embeddable":true,"href":"https:\/\/hotta.eu\/lv\/wp-json\/wp\/v2\/giftcard-category?post=25126"}],"curies":[{"name":"wp","href":"https:\/\/api.w.org\/{rel}","templated":true}]}}