{"id":25142,"date":"2025-11-30T12:55:18","date_gmt":"2025-11-30T10:55:18","guid":{"rendered":"https:\/\/hotta.eu\/?post_type=product&#038;p=25142"},"modified":"2025-12-12T23:31:20","modified_gmt":"2025-12-12T21:31:20","slug":"chili-crunch","status":"publish","type":"product","link":"https:\/\/hotta.eu\/lv\/shop\/chili-crunch\/","title":{"rendered":"Chili Crunch"},"content":{"rendered":"<p><strong>Sast\u0101vda\u013cas<\/strong><br \/>\nSaulespu\u0137u e\u013c\u013ca (57% ES\/ne-ES), sarkan\u0101 paprika, br\u016bnais cukurs, extra virgin ol\u012bve\u013c\u013ca, \u0161alotes s\u012bpoli, s\u0101ls, \u010dili pipari (2%), Si\u010dua\u0146as pipari, s\u012bpoli, kalt\u0113tas baravikas, \u0137iploki, ingvers, melnie pipari.<br \/>\n<!-- notionvc: bd039110-43ed-4721-ae19-96ebae559e03 --><\/p>\n<p><strong>Der\u012bguma termi\u0146\u0161 un uzglab\u0101\u0161ana<\/strong><br \/>\nUz burkas nor\u0101d\u012btais der\u012bguma termi\u0146\u0161 attiecas uz neatv\u0113rtu produktu. P\u0113c atv\u0113r\u0161anas uzglab\u0101t ledusskap\u012b.<\/p>\n","protected":false},"excerpt":{"rendered":"<p>Casa Firelli Chili Crunch pied\u0101v\u0101 bag\u0101t\u012bgu un krauk\u0161\u0137\u012bgu gar\u0161as pieredzi, kur dzirksto\u0161i It\u0101lijas \u010dili sastop arom\u0101tisku \u0137iploku, \u0161alotes s\u012bpolus un augstv\u0113rt\u012bgu ol\u012bve\u013c\u013cu. Viegl\u0101 Si\u010dua\u0146as pipara nejut\u012bba, kalt\u0113to baraviku umami un meln\u0101 pipara siltums veido daudzsl\u0101\u0146ainu un piln\u012bgu gar\u0161as profilu. Krauk\u0161\u0137\u012bg\u0101 tekst\u016bra un d\u016bmaini r\u016bgtenais asums padara to par ide\u0101lu piedevu picai, omlet\u0113m, gril\u0113tiem \u0113dieniem un grauzd\u0113tai maizei. Drosm\u012bgs un rakstur\u012bgs produkts, kas pace\u013c jebkuru \u0113dienu jaun\u0101 l\u012bmen\u012b.<br \/>\n[ywcwtl_form product_id=\"\"]<\/p>\n","protected":false},"featured_media":25146,"comment_status":"open","ping_status":"closed","template":"","meta":[],"product_cat":[932],"product_tag":[],"giftcard-category":[],"class_list":{"0":"post-25142","1":"product","2":"type-product","3":"status-publish","4":"has-post-thumbnail","6":"product_cat-citi","7":"pa_brand-casa-firelli","9":"first","10":"outofstock","11":"taxable","12":"shipping-taxable","13":"purchasable","14":"product-type-simple"},"yoast_head":"<!-- This site is optimized with the Yoast SEO plugin v27.3 - https:\/\/yoast.com\/product\/yoast-seo-wordpress\/ -->\n<title>Chili Crunch - Hotta<\/title>\n<meta name=\"description\" content=\"Casa Firelli \u010cili krauk\u0161\u0137is pied\u0101v\u0101 bag\u0101t\u012bgu un krauk\u0161\u0137\u012bgu gar\u0161as piedz\u012bvojumu, kur pikantie It\u0101lijas \u010dili pipari satiekas ar arom\u0101tisko \u0137iploku, \u0161alotes s\u012bpoliem un augstas kvalit\u0101tes ol\u012bve\u013c\u013cu.\" \/>\n<meta name=\"robots\" content=\"index, follow, max-snippet:-1, max-image-preview:large, max-video-preview:-1\" \/>\n<link rel=\"canonical\" href=\"https:\/\/hotta.eu\/lv\/shop\/chili-crunch\/\" \/>\n<meta property=\"og:locale\" content=\"lv_LV\" \/>\n<meta property=\"og:type\" content=\"article\" \/>\n<meta property=\"og:title\" content=\"Chili Crunch - Hotta\" \/>\n<meta property=\"og:description\" content=\"Casa Firelli \u010cili krauk\u0161\u0137is pied\u0101v\u0101 bag\u0101t\u012bgu un krauk\u0161\u0137\u012bgu gar\u0161as piedz\u012bvojumu, kur pikantie It\u0101lijas \u010dili pipari satiekas ar arom\u0101tisko \u0137iploku, \u0161alotes s\u012bpoliem un augstas kvalit\u0101tes ol\u012bve\u013c\u013cu.\" \/>\n<meta property=\"og:url\" content=\"https:\/\/hotta.eu\/lv\/shop\/chili-crunch\/\" \/>\n<meta property=\"og:site_name\" content=\"Hotta\" \/>\n<meta property=\"article:publisher\" content=\"https:\/\/www.facebook.com\/hotta.eu\" \/>\n<meta property=\"article:modified_time\" content=\"2025-12-12T21:31:20+00:00\" \/>\n<meta property=\"og:image\" content=\"https:\/\/hotta.eu\/wp-content\/uploads\/2024\/04\/hotta-social-placeholder-1530x1224.png\" \/>\n\t<meta property=\"og:image:width\" content=\"1530\" \/>\n\t<meta property=\"og:image:height\" content=\"1224\" \/>\n\t<meta property=\"og:image:type\" content=\"image\/png\" \/>\n<meta name=\"twitter:card\" content=\"summary_large_image\" \/>\n<meta name=\"twitter:site\" content=\"@hottashop\" \/>\n<meta name=\"twitter:label1\" content=\"Est. reading time\" \/>\n\t<meta name=\"twitter:data1\" content=\"1 minute\" \/>\n<script type=\"application\/ld+json\" class=\"yoast-schema-graph\">{\"@context\":\"https:\\\/\\\/schema.org\",\"@graph\":[{\"@type\":\"WebPage\",\"@id\":\"https:\\\/\\\/hotta.eu\\\/lv\\\/shop\\\/chili-crunch\\\/\",\"url\":\"https:\\\/\\\/hotta.eu\\\/lv\\\/shop\\\/chili-crunch\\\/\",\"name\":\"Chili Crunch - Hotta\",\"isPartOf\":{\"@id\":\"https:\\\/\\\/hotta.eu\\\/lv\\\/#website\"},\"primaryImageOfPage\":{\"@id\":\"https:\\\/\\\/hotta.eu\\\/lv\\\/shop\\\/chili-crunch\\\/#primaryimage\"},\"image\":{\"@id\":\"https:\\\/\\\/hotta.eu\\\/lv\\\/shop\\\/chili-crunch\\\/#primaryimage\"},\"thumbnailUrl\":\"https:\\\/\\\/hotta.eu\\\/wp-content\\\/uploads\\\/2025\\\/12\\\/firelli-chili-crunch.jpg\",\"datePublished\":\"2025-11-30T10:55:18+00:00\",\"dateModified\":\"2025-12-12T21:31:20+00:00\",\"description\":\"Casa Firelli \u010cili krauk\u0161\u0137is pied\u0101v\u0101 bag\u0101t\u012bgu un krauk\u0161\u0137\u012bgu gar\u0161as piedz\u012bvojumu, kur pikantie It\u0101lijas \u010dili pipari satiekas ar arom\u0101tisko \u0137iploku, \u0161alotes s\u012bpoliem un augstas kvalit\u0101tes ol\u012bve\u013c\u013cu.\",\"breadcrumb\":{\"@id\":\"https:\\\/\\\/hotta.eu\\\/lv\\\/shop\\\/chili-crunch\\\/#breadcrumb\"},\"inLanguage\":\"lv-LV\",\"potentialAction\":[{\"@type\":\"ReadAction\",\"target\":[\"https:\\\/\\\/hotta.eu\\\/lv\\\/shop\\\/chili-crunch\\\/\"]}]},{\"@type\":\"ImageObject\",\"inLanguage\":\"lv-LV\",\"@id\":\"https:\\\/\\\/hotta.eu\\\/lv\\\/shop\\\/chili-crunch\\\/#primaryimage\",\"url\":\"https:\\\/\\\/hotta.eu\\\/wp-content\\\/uploads\\\/2025\\\/12\\\/firelli-chili-crunch.jpg\",\"contentUrl\":\"https:\\\/\\\/hotta.eu\\\/wp-content\\\/uploads\\\/2025\\\/12\\\/firelli-chili-crunch.jpg\",\"width\":1354,\"height\":1354},{\"@type\":\"BreadcrumbList\",\"@id\":\"https:\\\/\\\/hotta.eu\\\/lv\\\/shop\\\/chili-crunch\\\/#breadcrumb\",\"itemListElement\":[{\"@type\":\"ListItem\",\"position\":1,\"name\":\"S\u0101kums\",\"item\":\"https:\\\/\\\/hotta.eu\\\/lv\\\/sakumlapa\\\/\"},{\"@type\":\"ListItem\",\"position\":2,\"name\":\"Veikals\",\"item\":\"https:\\\/\\\/hotta.eu\\\/lv\\\/shop\\\/\"},{\"@type\":\"ListItem\",\"position\":3,\"name\":\"Chili Crunch\"}]},{\"@type\":\"WebSite\",\"@id\":\"https:\\\/\\\/hotta.eu\\\/lv\\\/#website\",\"url\":\"https:\\\/\\\/hotta.eu\\\/lv\\\/\",\"name\":\"Hotta\",\"description\":\"Makes your mouth burn a lotta!\",\"publisher\":{\"@id\":\"https:\\\/\\\/hotta.eu\\\/lv\\\/#organization\"},\"potentialAction\":[{\"@type\":\"SearchAction\",\"target\":{\"@type\":\"EntryPoint\",\"urlTemplate\":\"https:\\\/\\\/hotta.eu\\\/lv\\\/?s={search_term_string}\"},\"query-input\":{\"@type\":\"PropertyValueSpecification\",\"valueRequired\":true,\"valueName\":\"search_term_string\"}}],\"inLanguage\":\"lv-LV\"},{\"@type\":\"Organization\",\"@id\":\"https:\\\/\\\/hotta.eu\\\/lv\\\/#organization\",\"name\":\"Hotta\",\"url\":\"https:\\\/\\\/hotta.eu\\\/lv\\\/\",\"logo\":{\"@type\":\"ImageObject\",\"inLanguage\":\"lv-LV\",\"@id\":\"https:\\\/\\\/hotta.eu\\\/lv\\\/#\\\/schema\\\/logo\\\/image\\\/\",\"url\":\"https:\\\/\\\/hotta.eu\\\/wp-content\\\/uploads\\\/2025\\\/04\\\/hotta-logo-invoice.png\",\"contentUrl\":\"https:\\\/\\\/hotta.eu\\\/wp-content\\\/uploads\\\/2025\\\/04\\\/hotta-logo-invoice.png\",\"width\":600,\"height\":411,\"caption\":\"Hotta\"},\"image\":{\"@id\":\"https:\\\/\\\/hotta.eu\\\/lv\\\/#\\\/schema\\\/logo\\\/image\\\/\"},\"sameAs\":[\"https:\\\/\\\/www.facebook.com\\\/hotta.eu\",\"https:\\\/\\\/x.com\\\/hottashop\",\"https:\\\/\\\/www.instagram.com\\\/hotta.shop\"]}]}<\/script>\n<!-- \/ Yoast SEO plugin. -->","yoast_head_json":{"title":"Chili Crunch - Hotta","description":"Casa Firelli \u010cili krauk\u0161\u0137is pied\u0101v\u0101 bag\u0101t\u012bgu un krauk\u0161\u0137\u012bgu gar\u0161as piedz\u012bvojumu, kur pikantie It\u0101lijas \u010dili pipari satiekas ar arom\u0101tisko \u0137iploku, \u0161alotes s\u012bpoliem un augstas kvalit\u0101tes ol\u012bve\u013c\u013cu.","robots":{"index":"index","follow":"follow","max-snippet":"max-snippet:-1","max-image-preview":"max-image-preview:large","max-video-preview":"max-video-preview:-1"},"canonical":"https:\/\/hotta.eu\/lv\/shop\/chili-crunch\/","og_locale":"lv_LV","og_type":"article","og_title":"Chili Crunch - Hotta","og_description":"Casa Firelli \u010cili krauk\u0161\u0137is pied\u0101v\u0101 bag\u0101t\u012bgu un krauk\u0161\u0137\u012bgu gar\u0161as piedz\u012bvojumu, kur pikantie It\u0101lijas \u010dili pipari satiekas ar arom\u0101tisko \u0137iploku, \u0161alotes s\u012bpoliem un augstas kvalit\u0101tes ol\u012bve\u013c\u013cu.","og_url":"https:\/\/hotta.eu\/lv\/shop\/chili-crunch\/","og_site_name":"Hotta","article_publisher":"https:\/\/www.facebook.com\/hotta.eu","article_modified_time":"2025-12-12T21:31:20+00:00","og_image":[{"width":1530,"height":1224,"url":"https:\/\/hotta.eu\/wp-content\/uploads\/2024\/04\/hotta-social-placeholder-1530x1224.png","type":"image\/png"}],"twitter_card":"summary_large_image","twitter_site":"@hottashop","twitter_misc":{"Est. reading time":"1 minute"},"schema":{"@context":"https:\/\/schema.org","@graph":[{"@type":"WebPage","@id":"https:\/\/hotta.eu\/lv\/shop\/chili-crunch\/","url":"https:\/\/hotta.eu\/lv\/shop\/chili-crunch\/","name":"Chili Crunch - Hotta","isPartOf":{"@id":"https:\/\/hotta.eu\/lv\/#website"},"primaryImageOfPage":{"@id":"https:\/\/hotta.eu\/lv\/shop\/chili-crunch\/#primaryimage"},"image":{"@id":"https:\/\/hotta.eu\/lv\/shop\/chili-crunch\/#primaryimage"},"thumbnailUrl":"https:\/\/hotta.eu\/wp-content\/uploads\/2025\/12\/firelli-chili-crunch.jpg","datePublished":"2025-11-30T10:55:18+00:00","dateModified":"2025-12-12T21:31:20+00:00","description":"Casa Firelli \u010cili krauk\u0161\u0137is pied\u0101v\u0101 bag\u0101t\u012bgu un krauk\u0161\u0137\u012bgu gar\u0161as piedz\u012bvojumu, kur pikantie It\u0101lijas \u010dili pipari satiekas ar arom\u0101tisko \u0137iploku, \u0161alotes s\u012bpoliem un augstas kvalit\u0101tes ol\u012bve\u013c\u013cu.","breadcrumb":{"@id":"https:\/\/hotta.eu\/lv\/shop\/chili-crunch\/#breadcrumb"},"inLanguage":"lv-LV","potentialAction":[{"@type":"ReadAction","target":["https:\/\/hotta.eu\/lv\/shop\/chili-crunch\/"]}]},{"@type":"ImageObject","inLanguage":"lv-LV","@id":"https:\/\/hotta.eu\/lv\/shop\/chili-crunch\/#primaryimage","url":"https:\/\/hotta.eu\/wp-content\/uploads\/2025\/12\/firelli-chili-crunch.jpg","contentUrl":"https:\/\/hotta.eu\/wp-content\/uploads\/2025\/12\/firelli-chili-crunch.jpg","width":1354,"height":1354},{"@type":"BreadcrumbList","@id":"https:\/\/hotta.eu\/lv\/shop\/chili-crunch\/#breadcrumb","itemListElement":[{"@type":"ListItem","position":1,"name":"S\u0101kums","item":"https:\/\/hotta.eu\/lv\/sakumlapa\/"},{"@type":"ListItem","position":2,"name":"Veikals","item":"https:\/\/hotta.eu\/lv\/shop\/"},{"@type":"ListItem","position":3,"name":"Chili Crunch"}]},{"@type":"WebSite","@id":"https:\/\/hotta.eu\/lv\/#website","url":"https:\/\/hotta.eu\/lv\/","name":"Hotta","description":"Makes your mouth burn a lotta!","publisher":{"@id":"https:\/\/hotta.eu\/lv\/#organization"},"potentialAction":[{"@type":"SearchAction","target":{"@type":"EntryPoint","urlTemplate":"https:\/\/hotta.eu\/lv\/?s={search_term_string}"},"query-input":{"@type":"PropertyValueSpecification","valueRequired":true,"valueName":"search_term_string"}}],"inLanguage":"lv-LV"},{"@type":"Organization","@id":"https:\/\/hotta.eu\/lv\/#organization","name":"Hotta","url":"https:\/\/hotta.eu\/lv\/","logo":{"@type":"ImageObject","inLanguage":"lv-LV","@id":"https:\/\/hotta.eu\/lv\/#\/schema\/logo\/image\/","url":"https:\/\/hotta.eu\/wp-content\/uploads\/2025\/04\/hotta-logo-invoice.png","contentUrl":"https:\/\/hotta.eu\/wp-content\/uploads\/2025\/04\/hotta-logo-invoice.png","width":600,"height":411,"caption":"Hotta"},"image":{"@id":"https:\/\/hotta.eu\/lv\/#\/schema\/logo\/image\/"},"sameAs":["https:\/\/www.facebook.com\/hotta.eu","https:\/\/x.com\/hottashop","https:\/\/www.instagram.com\/hotta.shop"]}]}},"jetpack_sharing_enabled":true,"_links":{"self":[{"href":"https:\/\/hotta.eu\/lv\/wp-json\/wp\/v2\/product\/25142","targetHints":{"allow":["GET"]}}],"collection":[{"href":"https:\/\/hotta.eu\/lv\/wp-json\/wp\/v2\/product"}],"about":[{"href":"https:\/\/hotta.eu\/lv\/wp-json\/wp\/v2\/types\/product"}],"replies":[{"embeddable":true,"href":"https:\/\/hotta.eu\/lv\/wp-json\/wp\/v2\/comments?post=25142"}],"wp:featuredmedia":[{"embeddable":true,"href":"https:\/\/hotta.eu\/lv\/wp-json\/wp\/v2\/media\/25146"}],"wp:attachment":[{"href":"https:\/\/hotta.eu\/lv\/wp-json\/wp\/v2\/media?parent=25142"}],"wp:term":[{"taxonomy":"product_cat","embeddable":true,"href":"https:\/\/hotta.eu\/lv\/wp-json\/wp\/v2\/product_cat?post=25142"},{"taxonomy":"product_tag","embeddable":true,"href":"https:\/\/hotta.eu\/lv\/wp-json\/wp\/v2\/product_tag?post=25142"},{"taxonomy":"giftcard-category","embeddable":true,"href":"https:\/\/hotta.eu\/lv\/wp-json\/wp\/v2\/giftcard-category?post=25142"}],"curies":[{"name":"wp","href":"https:\/\/api.w.org\/{rel}","templated":true}]}}