{"id":25160,"date":"2025-12-06T14:02:18","date_gmt":"2025-12-06T12:02:18","guid":{"rendered":"https:\/\/hotta.eu\/?post_type=product&#038;p=25160"},"modified":"2025-12-06T14:13:07","modified_gmt":"2025-12-06T12:13:07","slug":"everything-bagel-hot-sauce","status":"publish","type":"product","link":"https:\/\/hotta.eu\/lv\/shop\/everything-bagel-hot-sauce\/","title":{"rendered":"Everything Bagel Hot Sauce"},"content":{"rendered":"<p><strong>Sast\u0101vda\u013cas<\/strong><br \/>\nRap\u0161u e\u013c\u013ca, \u0137iploki, \u016bdens, destil\u0113ts baltais eti\u0137is, laima sula, mago\u0146u s\u0113klas, j\u016bras s\u0101ls, s\u012bpolu gabali\u0146i, meln\u0101s sezama s\u0113klas, sezama s\u0113klas, sinepju s\u0113klas, baltais v\u012bns, baltais cukurs, kurkuma, sezama e\u013c\u013ca, Skorpiona \u010dili pulveris, citronsk\u0101be.<\/p>\n<p><strong>Uzturv\u0113rt\u012bbas inform\u0101cija (5 g)<br \/>\n<\/strong>Energ\u0113tisk\u0101 v\u0113rt\u012bba 15 kcal (63 kJ), tauki 1,5 g.<\/p>\n<p><strong>Der\u012bguma termi\u0146\u0161 un uzglab\u0101\u0161ana<\/strong><br \/>\nDer\u012bguma termi\u0146\u0161 uz pudeles attiecas uz neatv\u0113rtiem produktiem. Atv\u0113rtu produktu j\u0101uzglab\u0101 ledusskap\u012b.<\/p>\n","protected":false},"excerpt":{"rendered":"<p>Everything Bagel Hot Sauce apvieno visas \u0161\u012b le\u0123end\u0101r\u0101 gar\u0161ojuma iem\u012b\u013cot\u0101s sast\u0101vda\u013cas vien\u0101 m\u0113rc\u0113. \u0136iploki, s\u012bpoli, mago\u0146u s\u0113klas, sezama s\u0113klas un sinepju s\u0113klas veido bag\u0101t\u012bgu un \u012bpa\u0161i arom\u0101tisku pamatu, ko papildina viegla sk\u0101ben\u012bba un maigs citrusaug\u013cu akcents. L\u0113n\u0101m pieaugo\u0161ais Scorpion \u010dili asums pie\u0161\u0137ir tie\u0161i tik daudz ugunti\u0146as, lai padar\u012btu katru \u0113dienu interesant\u0101ku. Ide\u0101la piedeva avokado maiz\u012bt\u0113m, BLT sviestmaiz\u0113m, vistai, p\u012br\u0101giem vai pat hotdogiem. M\u0113rce, kas pace\u013c ikdienas gar\u0161as jaun\u0101 l\u012bmen\u012b.<br \/>\n[ywcwtl_form product_id=\"\"]<\/p>\n","protected":false},"featured_media":25164,"comment_status":"open","ping_status":"closed","template":"","meta":[],"product_cat":[916,922],"product_tag":[],"giftcard-category":[],"class_list":{"0":"post-25160","1":"product","2":"type-product","3":"status-publish","4":"has-post-thumbnail","6":"product_cat-merces","7":"product_cat-videjs","8":"pa_brand-secret-handshake-food-co","10":"first","11":"instock","12":"taxable","13":"shipping-taxable","14":"purchasable","15":"product-type-simple"},"yoast_head":"<!-- This site is optimized with the Yoast SEO plugin v27.3 - https:\/\/yoast.com\/product\/yoast-seo-wordpress\/ -->\n<title>Everything Bagel Hot Sauce - Hotta<\/title>\n<meta name=\"description\" content=\"Everything Bagel As\u0101 M\u0113rce apvieno visas \u0161\u012bs le\u0123end\u0101r\u0101s gar\u0161as kombin\u0101cijas iecien\u012bt\u0101k\u0101s sast\u0101vda\u013cas vien\u0101 m\u0113rc\u0113. \u0136iploki, s\u012bpoli, mago\u0146u s\u0113klas, sezams un sinepju s\u0113klas.\" \/>\n<meta name=\"robots\" content=\"index, follow, max-snippet:-1, max-image-preview:large, max-video-preview:-1\" \/>\n<link rel=\"canonical\" href=\"https:\/\/hotta.eu\/lv\/shop\/everything-bagel-hot-sauce\/\" \/>\n<meta property=\"og:locale\" content=\"lv_LV\" \/>\n<meta property=\"og:type\" content=\"article\" \/>\n<meta property=\"og:title\" content=\"Everything Bagel Hot Sauce - Hotta\" \/>\n<meta property=\"og:description\" content=\"Everything Bagel As\u0101 M\u0113rce apvieno visas \u0161\u012bs le\u0123end\u0101r\u0101s gar\u0161as kombin\u0101cijas iecien\u012bt\u0101k\u0101s sast\u0101vda\u013cas vien\u0101 m\u0113rc\u0113. \u0136iploki, s\u012bpoli, mago\u0146u s\u0113klas, sezams un sinepju s\u0113klas.\" \/>\n<meta property=\"og:url\" content=\"https:\/\/hotta.eu\/lv\/shop\/everything-bagel-hot-sauce\/\" \/>\n<meta property=\"og:site_name\" content=\"Hotta\" \/>\n<meta property=\"article:publisher\" content=\"https:\/\/www.facebook.com\/hotta.eu\" \/>\n<meta property=\"article:modified_time\" content=\"2025-12-06T12:13:07+00:00\" \/>\n<meta property=\"og:image\" content=\"https:\/\/hotta.eu\/wp-content\/uploads\/2025\/12\/everything-bagel.jpg\" \/>\n\t<meta property=\"og:image:width\" content=\"2120\" \/>\n\t<meta property=\"og:image:height\" content=\"2121\" \/>\n\t<meta property=\"og:image:type\" content=\"image\/jpeg\" \/>\n<meta name=\"twitter:card\" content=\"summary_large_image\" \/>\n<meta name=\"twitter:site\" content=\"@hottashop\" \/>\n<meta name=\"twitter:label1\" content=\"Est. reading time\" \/>\n\t<meta name=\"twitter:data1\" content=\"1 minute\" \/>\n<script type=\"application\/ld+json\" class=\"yoast-schema-graph\">{\"@context\":\"https:\\\/\\\/schema.org\",\"@graph\":[{\"@type\":\"WebPage\",\"@id\":\"https:\\\/\\\/hotta.eu\\\/lv\\\/shop\\\/everything-bagel-hot-sauce\\\/\",\"url\":\"https:\\\/\\\/hotta.eu\\\/lv\\\/shop\\\/everything-bagel-hot-sauce\\\/\",\"name\":\"Everything Bagel Hot Sauce - Hotta\",\"isPartOf\":{\"@id\":\"https:\\\/\\\/hotta.eu\\\/lv\\\/#website\"},\"primaryImageOfPage\":{\"@id\":\"https:\\\/\\\/hotta.eu\\\/lv\\\/shop\\\/everything-bagel-hot-sauce\\\/#primaryimage\"},\"image\":{\"@id\":\"https:\\\/\\\/hotta.eu\\\/lv\\\/shop\\\/everything-bagel-hot-sauce\\\/#primaryimage\"},\"thumbnailUrl\":\"https:\\\/\\\/hotta.eu\\\/wp-content\\\/uploads\\\/2025\\\/12\\\/everything-bagel.jpg\",\"datePublished\":\"2025-12-06T12:02:18+00:00\",\"dateModified\":\"2025-12-06T12:13:07+00:00\",\"description\":\"Everything Bagel As\u0101 M\u0113rce apvieno visas \u0161\u012bs le\u0123end\u0101r\u0101s gar\u0161as kombin\u0101cijas iecien\u012bt\u0101k\u0101s sast\u0101vda\u013cas vien\u0101 m\u0113rc\u0113. \u0136iploki, s\u012bpoli, mago\u0146u s\u0113klas, sezams un sinepju s\u0113klas.\",\"breadcrumb\":{\"@id\":\"https:\\\/\\\/hotta.eu\\\/lv\\\/shop\\\/everything-bagel-hot-sauce\\\/#breadcrumb\"},\"inLanguage\":\"lv-LV\",\"potentialAction\":[{\"@type\":\"ReadAction\",\"target\":[\"https:\\\/\\\/hotta.eu\\\/lv\\\/shop\\\/everything-bagel-hot-sauce\\\/\"]}]},{\"@type\":\"ImageObject\",\"inLanguage\":\"lv-LV\",\"@id\":\"https:\\\/\\\/hotta.eu\\\/lv\\\/shop\\\/everything-bagel-hot-sauce\\\/#primaryimage\",\"url\":\"https:\\\/\\\/hotta.eu\\\/wp-content\\\/uploads\\\/2025\\\/12\\\/everything-bagel.jpg\",\"contentUrl\":\"https:\\\/\\\/hotta.eu\\\/wp-content\\\/uploads\\\/2025\\\/12\\\/everything-bagel.jpg\",\"width\":2120,\"height\":2121},{\"@type\":\"BreadcrumbList\",\"@id\":\"https:\\\/\\\/hotta.eu\\\/lv\\\/shop\\\/everything-bagel-hot-sauce\\\/#breadcrumb\",\"itemListElement\":[{\"@type\":\"ListItem\",\"position\":1,\"name\":\"S\u0101kums\",\"item\":\"https:\\\/\\\/hotta.eu\\\/lv\\\/sakumlapa\\\/\"},{\"@type\":\"ListItem\",\"position\":2,\"name\":\"Veikals\",\"item\":\"https:\\\/\\\/hotta.eu\\\/lv\\\/shop\\\/\"},{\"@type\":\"ListItem\",\"position\":3,\"name\":\"Everything Bagel Hot Sauce\"}]},{\"@type\":\"WebSite\",\"@id\":\"https:\\\/\\\/hotta.eu\\\/lv\\\/#website\",\"url\":\"https:\\\/\\\/hotta.eu\\\/lv\\\/\",\"name\":\"Hotta\",\"description\":\"Makes your mouth burn a lotta!\",\"publisher\":{\"@id\":\"https:\\\/\\\/hotta.eu\\\/lv\\\/#organization\"},\"potentialAction\":[{\"@type\":\"SearchAction\",\"target\":{\"@type\":\"EntryPoint\",\"urlTemplate\":\"https:\\\/\\\/hotta.eu\\\/lv\\\/?s={search_term_string}\"},\"query-input\":{\"@type\":\"PropertyValueSpecification\",\"valueRequired\":true,\"valueName\":\"search_term_string\"}}],\"inLanguage\":\"lv-LV\"},{\"@type\":\"Organization\",\"@id\":\"https:\\\/\\\/hotta.eu\\\/lv\\\/#organization\",\"name\":\"Hotta\",\"url\":\"https:\\\/\\\/hotta.eu\\\/lv\\\/\",\"logo\":{\"@type\":\"ImageObject\",\"inLanguage\":\"lv-LV\",\"@id\":\"https:\\\/\\\/hotta.eu\\\/lv\\\/#\\\/schema\\\/logo\\\/image\\\/\",\"url\":\"https:\\\/\\\/hotta.eu\\\/wp-content\\\/uploads\\\/2025\\\/04\\\/hotta-logo-invoice.png\",\"contentUrl\":\"https:\\\/\\\/hotta.eu\\\/wp-content\\\/uploads\\\/2025\\\/04\\\/hotta-logo-invoice.png\",\"width\":600,\"height\":411,\"caption\":\"Hotta\"},\"image\":{\"@id\":\"https:\\\/\\\/hotta.eu\\\/lv\\\/#\\\/schema\\\/logo\\\/image\\\/\"},\"sameAs\":[\"https:\\\/\\\/www.facebook.com\\\/hotta.eu\",\"https:\\\/\\\/x.com\\\/hottashop\",\"https:\\\/\\\/www.instagram.com\\\/hotta.shop\"]}]}<\/script>\n<!-- \/ Yoast SEO plugin. -->","yoast_head_json":{"title":"Everything Bagel Hot Sauce - Hotta","description":"Everything Bagel As\u0101 M\u0113rce apvieno visas \u0161\u012bs le\u0123end\u0101r\u0101s gar\u0161as kombin\u0101cijas iecien\u012bt\u0101k\u0101s sast\u0101vda\u013cas vien\u0101 m\u0113rc\u0113. \u0136iploki, s\u012bpoli, mago\u0146u s\u0113klas, sezams un sinepju s\u0113klas.","robots":{"index":"index","follow":"follow","max-snippet":"max-snippet:-1","max-image-preview":"max-image-preview:large","max-video-preview":"max-video-preview:-1"},"canonical":"https:\/\/hotta.eu\/lv\/shop\/everything-bagel-hot-sauce\/","og_locale":"lv_LV","og_type":"article","og_title":"Everything Bagel Hot Sauce - Hotta","og_description":"Everything Bagel As\u0101 M\u0113rce apvieno visas \u0161\u012bs le\u0123end\u0101r\u0101s gar\u0161as kombin\u0101cijas iecien\u012bt\u0101k\u0101s sast\u0101vda\u013cas vien\u0101 m\u0113rc\u0113. \u0136iploki, s\u012bpoli, mago\u0146u s\u0113klas, sezams un sinepju s\u0113klas.","og_url":"https:\/\/hotta.eu\/lv\/shop\/everything-bagel-hot-sauce\/","og_site_name":"Hotta","article_publisher":"https:\/\/www.facebook.com\/hotta.eu","article_modified_time":"2025-12-06T12:13:07+00:00","og_image":[{"width":2120,"height":2121,"url":"https:\/\/hotta.eu\/wp-content\/uploads\/2025\/12\/everything-bagel.jpg","type":"image\/jpeg"}],"twitter_card":"summary_large_image","twitter_site":"@hottashop","twitter_misc":{"Est. reading time":"1 minute"},"schema":{"@context":"https:\/\/schema.org","@graph":[{"@type":"WebPage","@id":"https:\/\/hotta.eu\/lv\/shop\/everything-bagel-hot-sauce\/","url":"https:\/\/hotta.eu\/lv\/shop\/everything-bagel-hot-sauce\/","name":"Everything Bagel Hot Sauce - Hotta","isPartOf":{"@id":"https:\/\/hotta.eu\/lv\/#website"},"primaryImageOfPage":{"@id":"https:\/\/hotta.eu\/lv\/shop\/everything-bagel-hot-sauce\/#primaryimage"},"image":{"@id":"https:\/\/hotta.eu\/lv\/shop\/everything-bagel-hot-sauce\/#primaryimage"},"thumbnailUrl":"https:\/\/hotta.eu\/wp-content\/uploads\/2025\/12\/everything-bagel.jpg","datePublished":"2025-12-06T12:02:18+00:00","dateModified":"2025-12-06T12:13:07+00:00","description":"Everything Bagel As\u0101 M\u0113rce apvieno visas \u0161\u012bs le\u0123end\u0101r\u0101s gar\u0161as kombin\u0101cijas iecien\u012bt\u0101k\u0101s sast\u0101vda\u013cas vien\u0101 m\u0113rc\u0113. \u0136iploki, s\u012bpoli, mago\u0146u s\u0113klas, sezams un sinepju s\u0113klas.","breadcrumb":{"@id":"https:\/\/hotta.eu\/lv\/shop\/everything-bagel-hot-sauce\/#breadcrumb"},"inLanguage":"lv-LV","potentialAction":[{"@type":"ReadAction","target":["https:\/\/hotta.eu\/lv\/shop\/everything-bagel-hot-sauce\/"]}]},{"@type":"ImageObject","inLanguage":"lv-LV","@id":"https:\/\/hotta.eu\/lv\/shop\/everything-bagel-hot-sauce\/#primaryimage","url":"https:\/\/hotta.eu\/wp-content\/uploads\/2025\/12\/everything-bagel.jpg","contentUrl":"https:\/\/hotta.eu\/wp-content\/uploads\/2025\/12\/everything-bagel.jpg","width":2120,"height":2121},{"@type":"BreadcrumbList","@id":"https:\/\/hotta.eu\/lv\/shop\/everything-bagel-hot-sauce\/#breadcrumb","itemListElement":[{"@type":"ListItem","position":1,"name":"S\u0101kums","item":"https:\/\/hotta.eu\/lv\/sakumlapa\/"},{"@type":"ListItem","position":2,"name":"Veikals","item":"https:\/\/hotta.eu\/lv\/shop\/"},{"@type":"ListItem","position":3,"name":"Everything Bagel Hot Sauce"}]},{"@type":"WebSite","@id":"https:\/\/hotta.eu\/lv\/#website","url":"https:\/\/hotta.eu\/lv\/","name":"Hotta","description":"Makes your mouth burn a lotta!","publisher":{"@id":"https:\/\/hotta.eu\/lv\/#organization"},"potentialAction":[{"@type":"SearchAction","target":{"@type":"EntryPoint","urlTemplate":"https:\/\/hotta.eu\/lv\/?s={search_term_string}"},"query-input":{"@type":"PropertyValueSpecification","valueRequired":true,"valueName":"search_term_string"}}],"inLanguage":"lv-LV"},{"@type":"Organization","@id":"https:\/\/hotta.eu\/lv\/#organization","name":"Hotta","url":"https:\/\/hotta.eu\/lv\/","logo":{"@type":"ImageObject","inLanguage":"lv-LV","@id":"https:\/\/hotta.eu\/lv\/#\/schema\/logo\/image\/","url":"https:\/\/hotta.eu\/wp-content\/uploads\/2025\/04\/hotta-logo-invoice.png","contentUrl":"https:\/\/hotta.eu\/wp-content\/uploads\/2025\/04\/hotta-logo-invoice.png","width":600,"height":411,"caption":"Hotta"},"image":{"@id":"https:\/\/hotta.eu\/lv\/#\/schema\/logo\/image\/"},"sameAs":["https:\/\/www.facebook.com\/hotta.eu","https:\/\/x.com\/hottashop","https:\/\/www.instagram.com\/hotta.shop"]}]}},"jetpack_sharing_enabled":true,"_links":{"self":[{"href":"https:\/\/hotta.eu\/lv\/wp-json\/wp\/v2\/product\/25160","targetHints":{"allow":["GET"]}}],"collection":[{"href":"https:\/\/hotta.eu\/lv\/wp-json\/wp\/v2\/product"}],"about":[{"href":"https:\/\/hotta.eu\/lv\/wp-json\/wp\/v2\/types\/product"}],"replies":[{"embeddable":true,"href":"https:\/\/hotta.eu\/lv\/wp-json\/wp\/v2\/comments?post=25160"}],"wp:featuredmedia":[{"embeddable":true,"href":"https:\/\/hotta.eu\/lv\/wp-json\/wp\/v2\/media\/25164"}],"wp:attachment":[{"href":"https:\/\/hotta.eu\/lv\/wp-json\/wp\/v2\/media?parent=25160"}],"wp:term":[{"taxonomy":"product_cat","embeddable":true,"href":"https:\/\/hotta.eu\/lv\/wp-json\/wp\/v2\/product_cat?post=25160"},{"taxonomy":"product_tag","embeddable":true,"href":"https:\/\/hotta.eu\/lv\/wp-json\/wp\/v2\/product_tag?post=25160"},{"taxonomy":"giftcard-category","embeddable":true,"href":"https:\/\/hotta.eu\/lv\/wp-json\/wp\/v2\/giftcard-category?post=25160"}],"curies":[{"name":"wp","href":"https:\/\/api.w.org\/{rel}","templated":true}]}}