{"id":25184,"date":"2025-12-06T14:36:38","date_gmt":"2025-12-06T12:36:38","guid":{"rendered":"https:\/\/hotta.eu\/?post_type=product&#038;p=25184"},"modified":"2025-12-12T23:31:20","modified_gmt":"2025-12-12T21:31:20","slug":"best-sellers-8-pack","status":"publish","type":"product","link":"https:\/\/hotta.eu\/lv\/shop\/best-sellers-8-pack\/","title":{"rendered":"Best Sellers 8-Pack"},"content":{"rendered":"<p><strong><span style=\"text-decoration: underline;\">Zombie Apocalypse<\/span><br \/>\n<\/strong><strong>Sast\u0101vda\u013cas<br \/>\n<\/strong>Bhut Jolokia (ghost) \u010dili, habanero \u010dili, burk\u0101ni, tom\u0101tu pasta, destil\u0113ts baltais eti\u0137is, \u0137iploki, \u016bdens, citronu sula, rap\u0161u e\u013c\u013ca, s\u0101ls, d\u0101rze\u0146u gar\u0161vielas, paprika, \u010dili pulveris, melnie pipari.<br \/>\n<strong>Uzturv\u0113rt\u012bba (14 g)<br \/>\n<\/strong>15 kcal (63 kJ), og\u013chidr\u0101ti 1 g, no kuriem cukuri &lt;1 g, s\u0101ls 0,39 g.<\/p>\n<p><strong><span style=\"text-decoration: underline;\">Son of Zombie<\/span><br \/>\n<\/strong><strong>Sast\u0101vda\u013cas<br \/>\n<\/strong>Medus, \u0101bolu sidra eti\u0137is, tom\u0101tu pasta, \u016bdens, burk\u0101ni, ghost \u010dili pipari, habanero \u010dili, s\u012bpoli, destil\u0113ts baltais eti\u0137is, br\u016bnais cukurs, rap\u0161u e\u013c\u013ca, citronu sula, melase, mandar\u012bni, kalt\u0113ti tom\u0101ti, burk\u0101ni, sinepes (\u016bdens, sinepju s\u0113klas, kurkuma), \u0137iploki, s\u0101ls, sasmalcin\u0101ti sarkanie pipari, baltais cukurs, \u010dili pulveris, raudene, melnie pipari.<strong><br \/>\nUzturv\u0113rt\u012bba (14 g)<br \/>\n<\/strong>35 kcal (147 kJ), tauki 3 g, og\u013chidr\u0101ti 2 g, s\u0101ls 0,45 g.<\/p>\n<p><strong><span style=\"text-decoration: underline;\">Smokey Horseradish<\/span><br \/>\n<\/strong><strong>Sast\u0101vda\u013cas<br \/>\n<\/strong>Tom\u0101tu pasta, \u016bdens, \u0101bolu eti\u0137is, m\u0101rrutki, br\u016bnais cukurs, sinepes, burk\u0101ni, \u0137iploki, gar\u0161vielas, s\u0101ls.<br \/>\n<strong>Uzturv\u0113rt\u012bbas inform\u0101cija (14 g)<br \/>\n<\/strong>30 kcal (126 kJ), tauki 0 g, og\u013chidr\u0101ti 7 g, cukuri 5 g, olbaltumvielas 0 g, s\u0101ls 0,13 g.<\/p>\n<p><strong><span style=\"text-decoration: underline;\">Psycho Curry<\/span><br \/>\n<\/strong><strong>Sast\u0101vda\u013cas<br \/>\n<\/strong>Tom\u0101tu pasta, \u016bdens, br\u016bnais cukurs, burk\u0101ni, \u0137iploki, \u0101bolu eti\u0137is, sinepes, karija gar\u0161viela, ingvers, s\u0101ls, melnie pipari.<br \/>\n<strong>Uzturv\u0113rt\u012bbas inform\u0101cija (14 g)<br \/>\n<\/strong>45 kcal (189 kJ), tauki 1 g, og\u013chidr\u0101ti 8 g, cukuri 6 g, olbaltumvielas 0 g, s\u0101ls 0,20 g.<\/p>\n<p><strong><span style=\"text-decoration: underline;\">Pineapple Papaya BBQ<\/span><br \/>\n<\/strong><strong>Sast\u0101vda\u013cas<br \/>\n<\/strong>Papaija, ananass, tom\u0101tu pasta, br\u016bnais cukurs, \u0101bolu eti\u0137is, \u016bdens, burk\u0101ni, sinepes, citronu sula, \u0137iploki, gar\u0161vielas, s\u0101ls.<br \/>\n<strong>Uzturv\u0113rt\u012bbas inform\u0101cija (14 g)<br \/>\n<\/strong>20 kcal (84 kJ), tauki 0 g, og\u013chidr\u0101ti 5 g, cukuri 4 g, olbaltumvielas 0 g, s\u0101ls 0,14 g.<\/p>\n<p><strong><span style=\"text-decoration: underline;\">Oh My Garlic<\/span><br \/>\n<\/strong><strong>Sast\u0101vda\u013cas<br \/>\n<\/strong>Augu e\u013c\u013ca, \u016bdens, \u0137iploki, majon\u0113ze (olu), destil\u0113ts eti\u0137is, cukurs, citronu sula, s\u0101ls, melnie pipari.<br \/>\n<strong>Uzturv\u0113rt\u012bbas inform\u0101cija (14 g)<br \/>\n<\/strong>45 kcal (189 kJ), tauki 4,5 g, og\u013chidr\u0101ti &lt;1 g, olbaltumvielas 0 g, s\u0101ls 0,09 g.<\/p>\n<p><strong><span style=\"text-decoration: underline;\">Garlic Reaper<\/span><br \/>\n<\/strong><strong>Sast\u0101vda\u013cas<br \/>\n<\/strong>Carolina Reaper \u010dili, \u0137iploki, rap\u0161u e\u013c\u013ca, \u016bdens, destil\u0113ts baltais eti\u0137is, laima sula, krist\u0101lcukurs, sinepju pulveris, \u010dili pulveris, s\u0101ls, melnie pipari.<br \/>\n<strong>Uzturv\u0113rt\u012bba (14 g)<br \/>\n<\/strong>35 kcal (147 kJ), tauki 3 g, og\u013chidr\u0101ti 2 g, s\u0101ls 0,45 g.<\/p>\n<p><strong><span style=\"text-decoration: underline;\">Chipotle Barbeque<\/span><br \/>\n<\/strong><strong>Sast\u0101vda\u013cas<br \/>\n<\/strong>Tom\u0101tu pasta, \u016bdens, br\u016bnais cukurs, \u0101bolu eti\u0137is, sinepes, burk\u0101ni, s\u012bpoli, \u010dipotles \u010dili, \u0137iploki, augu e\u013c\u013ca, gar\u0161vielas, s\u0101ls, melnie pipari.<br \/>\n<strong>Uzturv\u0113rt\u012bbas inform\u0101cija (14 g)<br \/>\n<\/strong>20 kcal (84 kJ), tauki 0 g, og\u013chidr\u0101ti 5 g, cukuri 4 g, olbaltumvielas 0 g, s\u0101ls 0,18 g.<\/p>\n<p><strong>Der\u012bguma termi\u0146\u0161 un uzglab\u0101\u0161ana<\/strong><br \/>\nDer\u012bguma termi\u0146\u0161 uz pudeles attiecas uz neatv\u0113rtiem produktiem. Atv\u0113rtu produktu j\u0101uzglab\u0101 ledusskap\u012b.<\/p>\n","protected":false},"excerpt":{"rendered":"<p>Torchbearer Sauces lab\u0101ko gar\u0161u pilnais komplekts miniat\u016br\u0101s pudel\u012bt\u0113s \u2013 asto\u0146as da\u017e\u0101das m\u0113rces ar savu raksturu, kas par\u0101da z\u012bmola pla\u0161o gar\u0161u kl\u0101stu no maigas l\u012bdz pat superasai. \u0160is komplekts ir lielisks veids, k\u0101 iepaz\u012bt Torchbearer pasauli: kr\u0113m\u012bg\u0101 <strong>Oh My Garlic<\/strong>, tropiski sald\u0101 <strong>Pineapple Papaya BBQ<\/strong>, atkar\u012bbu raiso\u0161\u0101 <strong>Psycho Curry<\/strong>, pikanti d\u016bmakain\u0101 <strong>Smokey Horseradish<\/strong>, <strong>Chipotle BBQ<\/strong>, k\u0101 ar\u012b tr\u012bs Hot Ones klasikas \u2013 <strong>Son of Zombie<\/strong>, <strong>Zombie Apocalypse<\/strong> un <strong>Garlic Reaper<\/strong>.<\/p>\n<p>Miniat\u016br\u0101s 31 ml pudel\u012btes ir ide\u0101li piem\u0113rotas d\u0101vin\u0101\u0161anai, nogar\u0161o\u0161anai vai ikdienas l\u012bdzi n\u0113s\u0101\u0161anai, lai jebkuru \u0113dienu acumirkl\u012b paceltu jaun\u0101 gar\u0161as l\u012bmen\u012b. Perfekts komplekts gan asuma cien\u012bt\u0101jiem, gan tiem, kas v\u0113las atkl\u0101t ko jaunu un aizraujo\u0161u.<br \/>\n[ywcwtl_form product_id=\"\"]<\/p>\n","protected":false},"featured_media":25196,"comment_status":"open","ping_status":"closed","template":"","meta":[],"product_cat":[930,916],"product_tag":[],"giftcard-category":[],"class_list":{"0":"post-25184","1":"product","2":"type-product","3":"status-publish","4":"has-post-thumbnail","6":"product_cat-komplekti","7":"product_cat-merces","8":"pa_brand-torchbearer-sauces","10":"first","11":"outofstock","12":"taxable","13":"shipping-taxable","14":"purchasable","15":"product-type-simple"},"yoast_head":"<!-- This site is optimized with the Yoast SEO plugin v27.3 - https:\/\/yoast.com\/product\/yoast-seo-wordpress\/ -->\n<title>Best Sellers 8-Pack - Hotta<\/title>\n<meta name=\"description\" content=\"Torchbearer Sauces lab\u0101ko gar\u0161u pilns kl\u0101sts mini pudel\u012bt\u0113s \u2013 asto\u0146as da\u017e\u0101das rakstura m\u0113rces, kas iepaz\u012bstina ar z\u012bmolu piln\u012bb\u0101.\" \/>\n<meta name=\"robots\" content=\"index, follow, max-snippet:-1, max-image-preview:large, max-video-preview:-1\" \/>\n<link rel=\"canonical\" href=\"https:\/\/hotta.eu\/lv\/shop\/best-sellers-8-pack\/\" \/>\n<meta property=\"og:locale\" content=\"lv_LV\" \/>\n<meta property=\"og:type\" content=\"article\" \/>\n<meta property=\"og:title\" content=\"Best Sellers 8-Pack - Hotta\" \/>\n<meta property=\"og:description\" content=\"Torchbearer Sauces lab\u0101ko gar\u0161u pilns kl\u0101sts mini pudel\u012bt\u0113s \u2013 asto\u0146as da\u017e\u0101das rakstura m\u0113rces, kas iepaz\u012bstina ar z\u012bmolu piln\u012bb\u0101.\" \/>\n<meta property=\"og:url\" content=\"https:\/\/hotta.eu\/lv\/shop\/best-sellers-8-pack\/\" \/>\n<meta property=\"og:site_name\" content=\"Hotta\" \/>\n<meta property=\"article:publisher\" content=\"https:\/\/www.facebook.com\/hotta.eu\" \/>\n<meta property=\"article:modified_time\" content=\"2025-12-12T21:31:20+00:00\" \/>\n<meta property=\"og:image\" content=\"https:\/\/hotta.eu\/wp-content\/uploads\/2025\/12\/tb-bestsellers-8-pack-1.jpg\" \/>\n\t<meta property=\"og:image:width\" content=\"2012\" \/>\n\t<meta property=\"og:image:height\" content=\"2012\" \/>\n\t<meta property=\"og:image:type\" content=\"image\/jpeg\" \/>\n<meta name=\"twitter:card\" content=\"summary_large_image\" \/>\n<meta name=\"twitter:site\" content=\"@hottashop\" \/>\n<meta name=\"twitter:label1\" content=\"Est. reading time\" \/>\n\t<meta name=\"twitter:data1\" content=\"2 minutes\" \/>\n<script type=\"application\/ld+json\" class=\"yoast-schema-graph\">{\"@context\":\"https:\\\/\\\/schema.org\",\"@graph\":[{\"@type\":\"WebPage\",\"@id\":\"https:\\\/\\\/hotta.eu\\\/lv\\\/shop\\\/best-sellers-8-pack\\\/\",\"url\":\"https:\\\/\\\/hotta.eu\\\/lv\\\/shop\\\/best-sellers-8-pack\\\/\",\"name\":\"Best Sellers 8-Pack - Hotta\",\"isPartOf\":{\"@id\":\"https:\\\/\\\/hotta.eu\\\/lv\\\/#website\"},\"primaryImageOfPage\":{\"@id\":\"https:\\\/\\\/hotta.eu\\\/lv\\\/shop\\\/best-sellers-8-pack\\\/#primaryimage\"},\"image\":{\"@id\":\"https:\\\/\\\/hotta.eu\\\/lv\\\/shop\\\/best-sellers-8-pack\\\/#primaryimage\"},\"thumbnailUrl\":\"https:\\\/\\\/hotta.eu\\\/wp-content\\\/uploads\\\/2025\\\/12\\\/tb-bestsellers-8-pack-1.jpg\",\"datePublished\":\"2025-12-06T12:36:38+00:00\",\"dateModified\":\"2025-12-12T21:31:20+00:00\",\"description\":\"Torchbearer Sauces lab\u0101ko gar\u0161u pilns kl\u0101sts mini pudel\u012bt\u0113s \u2013 asto\u0146as da\u017e\u0101das rakstura m\u0113rces, kas iepaz\u012bstina ar z\u012bmolu piln\u012bb\u0101.\",\"breadcrumb\":{\"@id\":\"https:\\\/\\\/hotta.eu\\\/lv\\\/shop\\\/best-sellers-8-pack\\\/#breadcrumb\"},\"inLanguage\":\"lv-LV\",\"potentialAction\":[{\"@type\":\"ReadAction\",\"target\":[\"https:\\\/\\\/hotta.eu\\\/lv\\\/shop\\\/best-sellers-8-pack\\\/\"]}]},{\"@type\":\"ImageObject\",\"inLanguage\":\"lv-LV\",\"@id\":\"https:\\\/\\\/hotta.eu\\\/lv\\\/shop\\\/best-sellers-8-pack\\\/#primaryimage\",\"url\":\"https:\\\/\\\/hotta.eu\\\/wp-content\\\/uploads\\\/2025\\\/12\\\/tb-bestsellers-8-pack-1.jpg\",\"contentUrl\":\"https:\\\/\\\/hotta.eu\\\/wp-content\\\/uploads\\\/2025\\\/12\\\/tb-bestsellers-8-pack-1.jpg\",\"width\":2012,\"height\":2012},{\"@type\":\"BreadcrumbList\",\"@id\":\"https:\\\/\\\/hotta.eu\\\/lv\\\/shop\\\/best-sellers-8-pack\\\/#breadcrumb\",\"itemListElement\":[{\"@type\":\"ListItem\",\"position\":1,\"name\":\"S\u0101kums\",\"item\":\"https:\\\/\\\/hotta.eu\\\/lv\\\/sakumlapa\\\/\"},{\"@type\":\"ListItem\",\"position\":2,\"name\":\"Veikals\",\"item\":\"https:\\\/\\\/hotta.eu\\\/lv\\\/shop\\\/\"},{\"@type\":\"ListItem\",\"position\":3,\"name\":\"Best Sellers 8-Pack\"}]},{\"@type\":\"WebSite\",\"@id\":\"https:\\\/\\\/hotta.eu\\\/lv\\\/#website\",\"url\":\"https:\\\/\\\/hotta.eu\\\/lv\\\/\",\"name\":\"Hotta\",\"description\":\"Makes your mouth burn a lotta!\",\"publisher\":{\"@id\":\"https:\\\/\\\/hotta.eu\\\/lv\\\/#organization\"},\"potentialAction\":[{\"@type\":\"SearchAction\",\"target\":{\"@type\":\"EntryPoint\",\"urlTemplate\":\"https:\\\/\\\/hotta.eu\\\/lv\\\/?s={search_term_string}\"},\"query-input\":{\"@type\":\"PropertyValueSpecification\",\"valueRequired\":true,\"valueName\":\"search_term_string\"}}],\"inLanguage\":\"lv-LV\"},{\"@type\":\"Organization\",\"@id\":\"https:\\\/\\\/hotta.eu\\\/lv\\\/#organization\",\"name\":\"Hotta\",\"url\":\"https:\\\/\\\/hotta.eu\\\/lv\\\/\",\"logo\":{\"@type\":\"ImageObject\",\"inLanguage\":\"lv-LV\",\"@id\":\"https:\\\/\\\/hotta.eu\\\/lv\\\/#\\\/schema\\\/logo\\\/image\\\/\",\"url\":\"https:\\\/\\\/hotta.eu\\\/wp-content\\\/uploads\\\/2025\\\/04\\\/hotta-logo-invoice.png\",\"contentUrl\":\"https:\\\/\\\/hotta.eu\\\/wp-content\\\/uploads\\\/2025\\\/04\\\/hotta-logo-invoice.png\",\"width\":600,\"height\":411,\"caption\":\"Hotta\"},\"image\":{\"@id\":\"https:\\\/\\\/hotta.eu\\\/lv\\\/#\\\/schema\\\/logo\\\/image\\\/\"},\"sameAs\":[\"https:\\\/\\\/www.facebook.com\\\/hotta.eu\",\"https:\\\/\\\/x.com\\\/hottashop\",\"https:\\\/\\\/www.instagram.com\\\/hotta.shop\"]}]}<\/script>\n<!-- \/ Yoast SEO plugin. -->","yoast_head_json":{"title":"Best Sellers 8-Pack - Hotta","description":"Torchbearer Sauces lab\u0101ko gar\u0161u pilns kl\u0101sts mini pudel\u012bt\u0113s \u2013 asto\u0146as da\u017e\u0101das rakstura m\u0113rces, kas iepaz\u012bstina ar z\u012bmolu piln\u012bb\u0101.","robots":{"index":"index","follow":"follow","max-snippet":"max-snippet:-1","max-image-preview":"max-image-preview:large","max-video-preview":"max-video-preview:-1"},"canonical":"https:\/\/hotta.eu\/lv\/shop\/best-sellers-8-pack\/","og_locale":"lv_LV","og_type":"article","og_title":"Best Sellers 8-Pack - Hotta","og_description":"Torchbearer Sauces lab\u0101ko gar\u0161u pilns kl\u0101sts mini pudel\u012bt\u0113s \u2013 asto\u0146as da\u017e\u0101das rakstura m\u0113rces, kas iepaz\u012bstina ar z\u012bmolu piln\u012bb\u0101.","og_url":"https:\/\/hotta.eu\/lv\/shop\/best-sellers-8-pack\/","og_site_name":"Hotta","article_publisher":"https:\/\/www.facebook.com\/hotta.eu","article_modified_time":"2025-12-12T21:31:20+00:00","og_image":[{"width":2012,"height":2012,"url":"https:\/\/hotta.eu\/wp-content\/uploads\/2025\/12\/tb-bestsellers-8-pack-1.jpg","type":"image\/jpeg"}],"twitter_card":"summary_large_image","twitter_site":"@hottashop","twitter_misc":{"Est. reading time":"2 minutes"},"schema":{"@context":"https:\/\/schema.org","@graph":[{"@type":"WebPage","@id":"https:\/\/hotta.eu\/lv\/shop\/best-sellers-8-pack\/","url":"https:\/\/hotta.eu\/lv\/shop\/best-sellers-8-pack\/","name":"Best Sellers 8-Pack - Hotta","isPartOf":{"@id":"https:\/\/hotta.eu\/lv\/#website"},"primaryImageOfPage":{"@id":"https:\/\/hotta.eu\/lv\/shop\/best-sellers-8-pack\/#primaryimage"},"image":{"@id":"https:\/\/hotta.eu\/lv\/shop\/best-sellers-8-pack\/#primaryimage"},"thumbnailUrl":"https:\/\/hotta.eu\/wp-content\/uploads\/2025\/12\/tb-bestsellers-8-pack-1.jpg","datePublished":"2025-12-06T12:36:38+00:00","dateModified":"2025-12-12T21:31:20+00:00","description":"Torchbearer Sauces lab\u0101ko gar\u0161u pilns kl\u0101sts mini pudel\u012bt\u0113s \u2013 asto\u0146as da\u017e\u0101das rakstura m\u0113rces, kas iepaz\u012bstina ar z\u012bmolu piln\u012bb\u0101.","breadcrumb":{"@id":"https:\/\/hotta.eu\/lv\/shop\/best-sellers-8-pack\/#breadcrumb"},"inLanguage":"lv-LV","potentialAction":[{"@type":"ReadAction","target":["https:\/\/hotta.eu\/lv\/shop\/best-sellers-8-pack\/"]}]},{"@type":"ImageObject","inLanguage":"lv-LV","@id":"https:\/\/hotta.eu\/lv\/shop\/best-sellers-8-pack\/#primaryimage","url":"https:\/\/hotta.eu\/wp-content\/uploads\/2025\/12\/tb-bestsellers-8-pack-1.jpg","contentUrl":"https:\/\/hotta.eu\/wp-content\/uploads\/2025\/12\/tb-bestsellers-8-pack-1.jpg","width":2012,"height":2012},{"@type":"BreadcrumbList","@id":"https:\/\/hotta.eu\/lv\/shop\/best-sellers-8-pack\/#breadcrumb","itemListElement":[{"@type":"ListItem","position":1,"name":"S\u0101kums","item":"https:\/\/hotta.eu\/lv\/sakumlapa\/"},{"@type":"ListItem","position":2,"name":"Veikals","item":"https:\/\/hotta.eu\/lv\/shop\/"},{"@type":"ListItem","position":3,"name":"Best Sellers 8-Pack"}]},{"@type":"WebSite","@id":"https:\/\/hotta.eu\/lv\/#website","url":"https:\/\/hotta.eu\/lv\/","name":"Hotta","description":"Makes your mouth burn a lotta!","publisher":{"@id":"https:\/\/hotta.eu\/lv\/#organization"},"potentialAction":[{"@type":"SearchAction","target":{"@type":"EntryPoint","urlTemplate":"https:\/\/hotta.eu\/lv\/?s={search_term_string}"},"query-input":{"@type":"PropertyValueSpecification","valueRequired":true,"valueName":"search_term_string"}}],"inLanguage":"lv-LV"},{"@type":"Organization","@id":"https:\/\/hotta.eu\/lv\/#organization","name":"Hotta","url":"https:\/\/hotta.eu\/lv\/","logo":{"@type":"ImageObject","inLanguage":"lv-LV","@id":"https:\/\/hotta.eu\/lv\/#\/schema\/logo\/image\/","url":"https:\/\/hotta.eu\/wp-content\/uploads\/2025\/04\/hotta-logo-invoice.png","contentUrl":"https:\/\/hotta.eu\/wp-content\/uploads\/2025\/04\/hotta-logo-invoice.png","width":600,"height":411,"caption":"Hotta"},"image":{"@id":"https:\/\/hotta.eu\/lv\/#\/schema\/logo\/image\/"},"sameAs":["https:\/\/www.facebook.com\/hotta.eu","https:\/\/x.com\/hottashop","https:\/\/www.instagram.com\/hotta.shop"]}]}},"jetpack_sharing_enabled":true,"_links":{"self":[{"href":"https:\/\/hotta.eu\/lv\/wp-json\/wp\/v2\/product\/25184","targetHints":{"allow":["GET"]}}],"collection":[{"href":"https:\/\/hotta.eu\/lv\/wp-json\/wp\/v2\/product"}],"about":[{"href":"https:\/\/hotta.eu\/lv\/wp-json\/wp\/v2\/types\/product"}],"replies":[{"embeddable":true,"href":"https:\/\/hotta.eu\/lv\/wp-json\/wp\/v2\/comments?post=25184"}],"wp:featuredmedia":[{"embeddable":true,"href":"https:\/\/hotta.eu\/lv\/wp-json\/wp\/v2\/media\/25196"}],"wp:attachment":[{"href":"https:\/\/hotta.eu\/lv\/wp-json\/wp\/v2\/media?parent=25184"}],"wp:term":[{"taxonomy":"product_cat","embeddable":true,"href":"https:\/\/hotta.eu\/lv\/wp-json\/wp\/v2\/product_cat?post=25184"},{"taxonomy":"product_tag","embeddable":true,"href":"https:\/\/hotta.eu\/lv\/wp-json\/wp\/v2\/product_tag?post=25184"},{"taxonomy":"giftcard-category","embeddable":true,"href":"https:\/\/hotta.eu\/lv\/wp-json\/wp\/v2\/giftcard-category?post=25184"}],"curies":[{"name":"wp","href":"https:\/\/api.w.org\/{rel}","templated":true}]}}