{"id":25200,"date":"2025-12-06T15:53:34","date_gmt":"2025-12-06T13:53:34","guid":{"rendered":"https:\/\/hotta.eu\/?post_type=product&#038;p=25200"},"modified":"2025-12-16T15:09:00","modified_gmt":"2025-12-16T13:09:00","slug":"hot-ones-party-pack","status":"publish","type":"product","link":"https:\/\/hotta.eu\/lv\/shop\/hot-ones-party-pack\/","title":{"rendered":"Hot Ones Party Pack"},"content":{"rendered":"<p><strong><span style=\"text-decoration: underline;\">The Classic Garlic Fresno<\/span><br \/>\n<\/strong><strong>Sast\u0101vda\u013cas<br \/>\n<\/strong>\u016adens, eti\u0137is, Fresno \u010dili, \u0137iploki, cukurs, ol\u012bve\u013c\u013ca, s\u0101ls, gar\u0161vielas.<br \/>\n<strong>Uzturv\u0113rt\u012bba (5 g)<br \/>\n<\/strong>0 kcal, n\u0101trijs 55 mg.<\/p>\n<p><strong><span style=\"text-decoration: underline;\">Buffalo Hot Sauce<\/span><br \/>\n<\/strong><strong>Sast\u0101vda\u013cas<br \/>\n<\/strong>Destil\u0113ts eti\u0137is, Kaj\u0113nas \u010dili, sviesta e\u013c\u013cas pulveris (piens), \u0137iploki, s\u0101ls, cukurs, paprikas pulveris, citronsk\u0101be, gar\u0161vielas.<br \/>\n<strong>Uzturv\u0113rt\u012bba (5 g)<br \/>\n<\/strong>0 kcal, n\u0101trijs 85 mg.<\/p>\n<p><strong><span style=\"text-decoration: underline;\">Los Calientes Verde<\/span><br \/>\n<\/strong><strong>Sast\u0101vda\u013cas<br \/>\n<\/strong>Za\u013cie \u010dili (halape\u0146o, serrano), tomatillo, eti\u0137is, medus, aprikozes, \u0137iploki, s\u012bpoli, laima sula, koriandrs, s\u0101ls, gar\u0161vielas.<br \/>\n<strong>Uzturv\u0113rt\u012bba (5 g)<br \/>\n<\/strong>5 kcal, og\u013chidr\u0101ti 1 g, n\u0101trijs 75 mg.<\/p>\n<p><strong><span style=\"text-decoration: underline;\">Los Calientes Rojo<\/span><br \/>\n<\/strong><strong>Sast\u0101vda\u013cas<br \/>\n<\/strong>Sarkanie \u010dili, habanero, tomatillo, medus, eti\u0137is, \u0137iploki, s\u012bpoli, laima sula, s\u0101ls, gar\u0161vielas.<br \/>\n<strong>Uzturv\u0113rt\u012bba (5 g)<br \/>\n<\/strong>5 kcal, og\u013chidr\u0101ti 1 g, n\u0101trijs 70 mg.<\/p>\n<p><strong><span style=\"text-decoration: underline;\">The Last Dab Apollo<\/span><br \/>\n<\/strong><strong>Sast\u0101vda\u013cas<br \/>\n<\/strong>Apollo \u010dili (svaigi, kalt\u0113ti un ekstrakts), eti\u0137is, apollo gar\u0161vielu mais\u012bjums (\u010dili + gar\u0161vielas).<br \/>\n<strong>Uzturv\u0113rt\u012bba (5 g)<br \/>\n<\/strong>0 kcal, n\u0101trijs 15 mg.<\/p>\n<p><strong>Der\u012bguma termi\u0146\u0161 un uzglab\u0101\u0161ana<\/strong><br \/>\nDer\u012bguma termi\u0146\u0161 uz pudeles attiecas uz neatv\u0113rtiem produktiem. Atv\u0113rtu produktu j\u0101uzglab\u0101 ledusskap\u012b.<\/p>\n","protected":false},"excerpt":{"rendered":"<p>Hot Ones <strong>Fan Favorite Party Pack<\/strong> apvieno vien\u0101 d\u0101vanu kast\u0113 piecas ikoniskas m\u0113rces, kuras fani \u012bpa\u0161i iecien\u012bju\u0161i un ar kur\u0101m iesp\u0113jams izveidot pilnv\u0113rt\u012bgu Hot Ones stila degust\u0101ciju. Komplekta pied\u0101v\u0101jum\u0101 ir maig\u0101ka <strong>The Classic Garlic Fresno<\/strong>, kr\u0113m\u012bga un bag\u0101t\u012bga <strong>Buffalo Hot Sauce<\/strong>, dzirksto\u0161i svaiga <strong>Los Calientes Verde<\/strong>, saldeni pikanta <strong>Los Calientes Rojo<\/strong>, k\u0101 ar\u012b komplekta as\u0101k\u0101 zvaigzne \u2013 kulta statusu ieguvus\u012b <strong>The Last Dab Apollo<\/strong>.<\/p>\n<p>\u0160is komplekts lieliski noder ball\u012b\u0161u iekustin\u0101\u0161anai, draugu asuma panes\u012bbas p\u0101rbaud\u012b\u0161anai, iesv\u0113t\u012bb\u0101m jaun\u0101 m\u0101jokl\u012b vai k\u0101 d\u0101vana ikvienam, kas nov\u0113rt\u0113 labas gar\u0161as piedz\u012bvojumus. Da\u017e\u0101di stili un asuma l\u012bme\u0146i padara \u0161o komplektu piem\u0113rotu gan ies\u0101c\u0113jiem, gan \u012bstiem superaso m\u0113r\u010du cien\u012bt\u0101jiem. Ide\u0101ls veids, k\u0101 iepaz\u012bt Hot Ones pasauli un uz galda likt patiesi iespaid\u012bgu gar\u0161u izlasi.<\/p>\n<p><img decoding=\"async\" src=\"https:\/\/hotta.eu\/wp-content\/uploads\/2022\/08\/first-we-feast.png\" \/><\/p>\n[ywcwtl_form product_id=\"\"]\n","protected":false},"featured_media":25208,"comment_status":"open","ping_status":"closed","template":"","meta":[],"product_cat":[920,930,916],"product_tag":[],"giftcard-category":[],"class_list":{"0":"post-25200","1":"product","2":"type-product","3":"status-publish","4":"has-post-thumbnail","6":"product_cat-hot-ones-lv","7":"product_cat-komplekti","8":"product_cat-merces","9":"pa_brand-heatonist","11":"first","12":"outofstock","13":"taxable","14":"shipping-taxable","15":"purchasable","16":"product-type-simple"},"yoast_head":"<!-- This site is optimized with the Yoast SEO plugin v27.3 - https:\/\/yoast.com\/product\/yoast-seo-wordpress\/ -->\n<title>Hot Ones Party Pack - Hotta<\/title>\n<meta name=\"description\" content=\"Hot Ones Fan Favorite Party Pack apvieno d\u0101vanu kast\u0113 piecus le\u0123end\u0101rus m\u0113rces, kuras fani m\u012bl un ar kur\u0101m var rad\u012bt pilnv\u0113rt\u012bgu Hot Ones stila gar\u0161as piedz\u012bvojumu.\" \/>\n<meta name=\"robots\" content=\"index, follow, max-snippet:-1, max-image-preview:large, max-video-preview:-1\" \/>\n<link rel=\"canonical\" href=\"https:\/\/hotta.eu\/lv\/shop\/hot-ones-party-pack\/\" \/>\n<meta property=\"og:locale\" content=\"lv_LV\" \/>\n<meta property=\"og:type\" content=\"article\" \/>\n<meta property=\"og:title\" content=\"Hot Ones Party Pack - Hotta\" \/>\n<meta property=\"og:description\" content=\"Hot Ones Fan Favorite Party Pack apvieno d\u0101vanu kast\u0113 piecus le\u0123end\u0101rus m\u0113rces, kuras fani m\u012bl un ar kur\u0101m var rad\u012bt pilnv\u0113rt\u012bgu Hot Ones stila gar\u0161as piedz\u012bvojumu.\" \/>\n<meta property=\"og:url\" content=\"https:\/\/hotta.eu\/lv\/shop\/hot-ones-party-pack\/\" \/>\n<meta property=\"og:site_name\" content=\"Hotta\" \/>\n<meta property=\"article:publisher\" content=\"https:\/\/www.facebook.com\/hotta.eu\" \/>\n<meta property=\"article:modified_time\" content=\"2025-12-16T13:09:00+00:00\" \/>\n<meta property=\"og:image\" content=\"https:\/\/hotta.eu\/wp-content\/uploads\/2025\/12\/hot-ones-fan-favorite-party-pack-1.jpg\" \/>\n\t<meta property=\"og:image:width\" content=\"1359\" \/>\n\t<meta property=\"og:image:height\" content=\"1359\" \/>\n\t<meta property=\"og:image:type\" content=\"image\/jpeg\" \/>\n<meta name=\"twitter:card\" content=\"summary_large_image\" \/>\n<meta name=\"twitter:site\" content=\"@hottashop\" \/>\n<meta name=\"twitter:label1\" content=\"Est. reading time\" \/>\n\t<meta name=\"twitter:data1\" content=\"1 minute\" \/>\n<script type=\"application\/ld+json\" class=\"yoast-schema-graph\">{\"@context\":\"https:\\\/\\\/schema.org\",\"@graph\":[{\"@type\":\"WebPage\",\"@id\":\"https:\\\/\\\/hotta.eu\\\/lv\\\/shop\\\/hot-ones-party-pack\\\/\",\"url\":\"https:\\\/\\\/hotta.eu\\\/lv\\\/shop\\\/hot-ones-party-pack\\\/\",\"name\":\"Hot Ones Party Pack - Hotta\",\"isPartOf\":{\"@id\":\"https:\\\/\\\/hotta.eu\\\/lv\\\/#website\"},\"primaryImageOfPage\":{\"@id\":\"https:\\\/\\\/hotta.eu\\\/lv\\\/shop\\\/hot-ones-party-pack\\\/#primaryimage\"},\"image\":{\"@id\":\"https:\\\/\\\/hotta.eu\\\/lv\\\/shop\\\/hot-ones-party-pack\\\/#primaryimage\"},\"thumbnailUrl\":\"https:\\\/\\\/hotta.eu\\\/wp-content\\\/uploads\\\/2025\\\/12\\\/hot-ones-fan-favorite-party-pack-1.jpg\",\"datePublished\":\"2025-12-06T13:53:34+00:00\",\"dateModified\":\"2025-12-16T13:09:00+00:00\",\"description\":\"Hot Ones Fan Favorite Party Pack apvieno d\u0101vanu kast\u0113 piecus le\u0123end\u0101rus m\u0113rces, kuras fani m\u012bl un ar kur\u0101m var rad\u012bt pilnv\u0113rt\u012bgu Hot Ones stila gar\u0161as piedz\u012bvojumu.\",\"breadcrumb\":{\"@id\":\"https:\\\/\\\/hotta.eu\\\/lv\\\/shop\\\/hot-ones-party-pack\\\/#breadcrumb\"},\"inLanguage\":\"lv-LV\",\"potentialAction\":[{\"@type\":\"ReadAction\",\"target\":[\"https:\\\/\\\/hotta.eu\\\/lv\\\/shop\\\/hot-ones-party-pack\\\/\"]}]},{\"@type\":\"ImageObject\",\"inLanguage\":\"lv-LV\",\"@id\":\"https:\\\/\\\/hotta.eu\\\/lv\\\/shop\\\/hot-ones-party-pack\\\/#primaryimage\",\"url\":\"https:\\\/\\\/hotta.eu\\\/wp-content\\\/uploads\\\/2025\\\/12\\\/hot-ones-fan-favorite-party-pack-1.jpg\",\"contentUrl\":\"https:\\\/\\\/hotta.eu\\\/wp-content\\\/uploads\\\/2025\\\/12\\\/hot-ones-fan-favorite-party-pack-1.jpg\",\"width\":1359,\"height\":1359},{\"@type\":\"BreadcrumbList\",\"@id\":\"https:\\\/\\\/hotta.eu\\\/lv\\\/shop\\\/hot-ones-party-pack\\\/#breadcrumb\",\"itemListElement\":[{\"@type\":\"ListItem\",\"position\":1,\"name\":\"S\u0101kums\",\"item\":\"https:\\\/\\\/hotta.eu\\\/lv\\\/sakumlapa\\\/\"},{\"@type\":\"ListItem\",\"position\":2,\"name\":\"Veikals\",\"item\":\"https:\\\/\\\/hotta.eu\\\/lv\\\/shop\\\/\"},{\"@type\":\"ListItem\",\"position\":3,\"name\":\"Hot Ones Party Pack\"}]},{\"@type\":\"WebSite\",\"@id\":\"https:\\\/\\\/hotta.eu\\\/lv\\\/#website\",\"url\":\"https:\\\/\\\/hotta.eu\\\/lv\\\/\",\"name\":\"Hotta\",\"description\":\"Makes your mouth burn a lotta!\",\"publisher\":{\"@id\":\"https:\\\/\\\/hotta.eu\\\/lv\\\/#organization\"},\"potentialAction\":[{\"@type\":\"SearchAction\",\"target\":{\"@type\":\"EntryPoint\",\"urlTemplate\":\"https:\\\/\\\/hotta.eu\\\/lv\\\/?s={search_term_string}\"},\"query-input\":{\"@type\":\"PropertyValueSpecification\",\"valueRequired\":true,\"valueName\":\"search_term_string\"}}],\"inLanguage\":\"lv-LV\"},{\"@type\":\"Organization\",\"@id\":\"https:\\\/\\\/hotta.eu\\\/lv\\\/#organization\",\"name\":\"Hotta\",\"url\":\"https:\\\/\\\/hotta.eu\\\/lv\\\/\",\"logo\":{\"@type\":\"ImageObject\",\"inLanguage\":\"lv-LV\",\"@id\":\"https:\\\/\\\/hotta.eu\\\/lv\\\/#\\\/schema\\\/logo\\\/image\\\/\",\"url\":\"https:\\\/\\\/hotta.eu\\\/wp-content\\\/uploads\\\/2025\\\/04\\\/hotta-logo-invoice.png\",\"contentUrl\":\"https:\\\/\\\/hotta.eu\\\/wp-content\\\/uploads\\\/2025\\\/04\\\/hotta-logo-invoice.png\",\"width\":600,\"height\":411,\"caption\":\"Hotta\"},\"image\":{\"@id\":\"https:\\\/\\\/hotta.eu\\\/lv\\\/#\\\/schema\\\/logo\\\/image\\\/\"},\"sameAs\":[\"https:\\\/\\\/www.facebook.com\\\/hotta.eu\",\"https:\\\/\\\/x.com\\\/hottashop\",\"https:\\\/\\\/www.instagram.com\\\/hotta.shop\"]}]}<\/script>\n<!-- \/ Yoast SEO plugin. -->","yoast_head_json":{"title":"Hot Ones Party Pack - Hotta","description":"Hot Ones Fan Favorite Party Pack apvieno d\u0101vanu kast\u0113 piecus le\u0123end\u0101rus m\u0113rces, kuras fani m\u012bl un ar kur\u0101m var rad\u012bt pilnv\u0113rt\u012bgu Hot Ones stila gar\u0161as piedz\u012bvojumu.","robots":{"index":"index","follow":"follow","max-snippet":"max-snippet:-1","max-image-preview":"max-image-preview:large","max-video-preview":"max-video-preview:-1"},"canonical":"https:\/\/hotta.eu\/lv\/shop\/hot-ones-party-pack\/","og_locale":"lv_LV","og_type":"article","og_title":"Hot Ones Party Pack - Hotta","og_description":"Hot Ones Fan Favorite Party Pack apvieno d\u0101vanu kast\u0113 piecus le\u0123end\u0101rus m\u0113rces, kuras fani m\u012bl un ar kur\u0101m var rad\u012bt pilnv\u0113rt\u012bgu Hot Ones stila gar\u0161as piedz\u012bvojumu.","og_url":"https:\/\/hotta.eu\/lv\/shop\/hot-ones-party-pack\/","og_site_name":"Hotta","article_publisher":"https:\/\/www.facebook.com\/hotta.eu","article_modified_time":"2025-12-16T13:09:00+00:00","og_image":[{"width":1359,"height":1359,"url":"https:\/\/hotta.eu\/wp-content\/uploads\/2025\/12\/hot-ones-fan-favorite-party-pack-1.jpg","type":"image\/jpeg"}],"twitter_card":"summary_large_image","twitter_site":"@hottashop","twitter_misc":{"Est. reading time":"1 minute"},"schema":{"@context":"https:\/\/schema.org","@graph":[{"@type":"WebPage","@id":"https:\/\/hotta.eu\/lv\/shop\/hot-ones-party-pack\/","url":"https:\/\/hotta.eu\/lv\/shop\/hot-ones-party-pack\/","name":"Hot Ones Party Pack - Hotta","isPartOf":{"@id":"https:\/\/hotta.eu\/lv\/#website"},"primaryImageOfPage":{"@id":"https:\/\/hotta.eu\/lv\/shop\/hot-ones-party-pack\/#primaryimage"},"image":{"@id":"https:\/\/hotta.eu\/lv\/shop\/hot-ones-party-pack\/#primaryimage"},"thumbnailUrl":"https:\/\/hotta.eu\/wp-content\/uploads\/2025\/12\/hot-ones-fan-favorite-party-pack-1.jpg","datePublished":"2025-12-06T13:53:34+00:00","dateModified":"2025-12-16T13:09:00+00:00","description":"Hot Ones Fan Favorite Party Pack apvieno d\u0101vanu kast\u0113 piecus le\u0123end\u0101rus m\u0113rces, kuras fani m\u012bl un ar kur\u0101m var rad\u012bt pilnv\u0113rt\u012bgu Hot Ones stila gar\u0161as piedz\u012bvojumu.","breadcrumb":{"@id":"https:\/\/hotta.eu\/lv\/shop\/hot-ones-party-pack\/#breadcrumb"},"inLanguage":"lv-LV","potentialAction":[{"@type":"ReadAction","target":["https:\/\/hotta.eu\/lv\/shop\/hot-ones-party-pack\/"]}]},{"@type":"ImageObject","inLanguage":"lv-LV","@id":"https:\/\/hotta.eu\/lv\/shop\/hot-ones-party-pack\/#primaryimage","url":"https:\/\/hotta.eu\/wp-content\/uploads\/2025\/12\/hot-ones-fan-favorite-party-pack-1.jpg","contentUrl":"https:\/\/hotta.eu\/wp-content\/uploads\/2025\/12\/hot-ones-fan-favorite-party-pack-1.jpg","width":1359,"height":1359},{"@type":"BreadcrumbList","@id":"https:\/\/hotta.eu\/lv\/shop\/hot-ones-party-pack\/#breadcrumb","itemListElement":[{"@type":"ListItem","position":1,"name":"S\u0101kums","item":"https:\/\/hotta.eu\/lv\/sakumlapa\/"},{"@type":"ListItem","position":2,"name":"Veikals","item":"https:\/\/hotta.eu\/lv\/shop\/"},{"@type":"ListItem","position":3,"name":"Hot Ones Party Pack"}]},{"@type":"WebSite","@id":"https:\/\/hotta.eu\/lv\/#website","url":"https:\/\/hotta.eu\/lv\/","name":"Hotta","description":"Makes your mouth burn a lotta!","publisher":{"@id":"https:\/\/hotta.eu\/lv\/#organization"},"potentialAction":[{"@type":"SearchAction","target":{"@type":"EntryPoint","urlTemplate":"https:\/\/hotta.eu\/lv\/?s={search_term_string}"},"query-input":{"@type":"PropertyValueSpecification","valueRequired":true,"valueName":"search_term_string"}}],"inLanguage":"lv-LV"},{"@type":"Organization","@id":"https:\/\/hotta.eu\/lv\/#organization","name":"Hotta","url":"https:\/\/hotta.eu\/lv\/","logo":{"@type":"ImageObject","inLanguage":"lv-LV","@id":"https:\/\/hotta.eu\/lv\/#\/schema\/logo\/image\/","url":"https:\/\/hotta.eu\/wp-content\/uploads\/2025\/04\/hotta-logo-invoice.png","contentUrl":"https:\/\/hotta.eu\/wp-content\/uploads\/2025\/04\/hotta-logo-invoice.png","width":600,"height":411,"caption":"Hotta"},"image":{"@id":"https:\/\/hotta.eu\/lv\/#\/schema\/logo\/image\/"},"sameAs":["https:\/\/www.facebook.com\/hotta.eu","https:\/\/x.com\/hottashop","https:\/\/www.instagram.com\/hotta.shop"]}]}},"jetpack_sharing_enabled":true,"_links":{"self":[{"href":"https:\/\/hotta.eu\/lv\/wp-json\/wp\/v2\/product\/25200","targetHints":{"allow":["GET"]}}],"collection":[{"href":"https:\/\/hotta.eu\/lv\/wp-json\/wp\/v2\/product"}],"about":[{"href":"https:\/\/hotta.eu\/lv\/wp-json\/wp\/v2\/types\/product"}],"replies":[{"embeddable":true,"href":"https:\/\/hotta.eu\/lv\/wp-json\/wp\/v2\/comments?post=25200"}],"wp:featuredmedia":[{"embeddable":true,"href":"https:\/\/hotta.eu\/lv\/wp-json\/wp\/v2\/media\/25208"}],"wp:attachment":[{"href":"https:\/\/hotta.eu\/lv\/wp-json\/wp\/v2\/media?parent=25200"}],"wp:term":[{"taxonomy":"product_cat","embeddable":true,"href":"https:\/\/hotta.eu\/lv\/wp-json\/wp\/v2\/product_cat?post=25200"},{"taxonomy":"product_tag","embeddable":true,"href":"https:\/\/hotta.eu\/lv\/wp-json\/wp\/v2\/product_tag?post=25200"},{"taxonomy":"giftcard-category","embeddable":true,"href":"https:\/\/hotta.eu\/lv\/wp-json\/wp\/v2\/giftcard-category?post=25200"}],"curies":[{"name":"wp","href":"https:\/\/api.w.org\/{rel}","templated":true}]}}