{"id":25823,"date":"2026-03-20T19:57:43","date_gmt":"2026-03-20T17:57:43","guid":{"rendered":"https:\/\/hotta.eu\/?post_type=product&#038;p=25823"},"modified":"2026-03-20T20:11:37","modified_gmt":"2026-03-20T18:11:37","slug":"hot-berry-habanero-pepper-sauce","status":"publish","type":"product","link":"https:\/\/hotta.eu\/lv\/shop\/hot-berry-habanero-pepper-sauce\/","title":{"rendered":"Hot Berry Habanero Pepper Sauce"},"content":{"rendered":"<p><strong>Sast\u0101vda\u013cas<br \/>\n<\/strong>Niedru cukurs, mellenes (32%), s\u012bpoli, niedru cukura eti\u0137is, habanero \u010dili (3,9%), biezin\u0101t\u0101js: pekt\u012bns, \u0137iploki, koriandrs.<\/p>\n<p><strong>Uzturv\u0113rt\u012bba (100 ml)<br \/>\n<\/strong>Ener\u0123\u0113tisk\u0101 v\u0113rt\u012bba 216 kcal (918 kJ), tauki 0,4 g, tostarp pies\u0101tin\u0101t\u0101s tauksk\u0101bes 0,1 g, og\u013chidr\u0101ti 50,0 g, tostarp cukuri 49,0 g, olbaltumvielas 1,0 g.<\/p>\n<p><strong>Der\u012bguma termi\u0146\u0161 un uzglab\u0101\u0161ana<\/strong><br \/>\nDer\u012bguma termi\u0146\u0161 uz pudeles attiecas uz neatv\u0113rtiem produktiem. Atv\u0113rtu produktu j\u0101uzglab\u0101 ledusskap\u012b.<\/p>\n","protected":false},"excerpt":{"rendered":"<p>Marie Sharp&#8217;s Hot Berry Habanero apvieno me\u017ea ogu dabisko saldumu un habanero \u010dili ugun\u012bgo raksturu lieliski sabalans\u0113t\u0101 m\u0113rc\u0113. Niedru cukurs un mellenes veido sul\u012bgu aug\u013cu b\u0101zi, ko papildina habanero asums. M\u0113rce ir izcili piem\u0113rota gril\u0113tas vistas vai p\u012bles glaz\u0113\u0161anai, siera plat\u0113m, tako vai vienk\u0101r\u0161i k\u0101 m\u0113rc\u012bte.<br \/>\n[ywcwtl_form product_id=\"\"]<\/p>\n","protected":false},"featured_media":25827,"comment_status":"open","ping_status":"closed","template":"","meta":[],"product_cat":[916,922],"product_tag":[],"giftcard-category":[],"class_list":{"0":"post-25823","1":"product","2":"type-product","3":"status-publish","4":"has-post-thumbnail","6":"product_cat-merces","7":"product_cat-videjs","8":"pa_brand-marie-sharps","10":"first","11":"instock","12":"taxable","13":"shipping-taxable","14":"purchasable","15":"product-type-simple"},"yoast_head":"<!-- This site is optimized with the Yoast SEO plugin v27.3 - https:\/\/yoast.com\/product\/yoast-seo-wordpress\/ -->\n<title>Hot Berry Habanero Pepper Sauce - Hotta<\/title>\n<meta name=\"description\" content=\"Marie Sharp&#039;s Hot Berry Habanero apvieno me\u017ea ogu dabisko saldumu un habanero \u010dili ugun\u012bgo raksturu vienot\u0101, labi sabalans\u0113t\u0101 m\u0113rc\u0113.\" \/>\n<meta name=\"robots\" content=\"index, follow, max-snippet:-1, max-image-preview:large, max-video-preview:-1\" \/>\n<link rel=\"canonical\" href=\"https:\/\/hotta.eu\/lv\/shop\/hot-berry-habanero-pepper-sauce\/\" \/>\n<meta property=\"og:locale\" content=\"lv_LV\" \/>\n<meta property=\"og:type\" content=\"article\" \/>\n<meta property=\"og:title\" content=\"Hot Berry Habanero Pepper Sauce - Hotta\" \/>\n<meta property=\"og:description\" content=\"Marie Sharp&#039;s Hot Berry Habanero apvieno me\u017ea ogu dabisko saldumu un habanero \u010dili ugun\u012bgo raksturu vienot\u0101, labi sabalans\u0113t\u0101 m\u0113rc\u0113.\" \/>\n<meta property=\"og:url\" content=\"https:\/\/hotta.eu\/lv\/shop\/hot-berry-habanero-pepper-sauce\/\" \/>\n<meta property=\"og:site_name\" content=\"Hotta\" \/>\n<meta property=\"article:publisher\" content=\"https:\/\/www.facebook.com\/hotta.eu\" \/>\n<meta property=\"article:modified_time\" content=\"2026-03-20T18:11:37+00:00\" \/>\n<meta property=\"og:image\" content=\"https:\/\/hotta.eu\/wp-content\/uploads\/2026\/03\/marie-sharps-hot-berry.jpg\" \/>\n\t<meta property=\"og:image:width\" content=\"2048\" \/>\n\t<meta property=\"og:image:height\" content=\"2048\" \/>\n\t<meta property=\"og:image:type\" content=\"image\/jpeg\" \/>\n<meta name=\"twitter:card\" content=\"summary_large_image\" \/>\n<meta name=\"twitter:site\" content=\"@hottashop\" \/>\n<meta name=\"twitter:label1\" content=\"Est. reading time\" \/>\n\t<meta name=\"twitter:data1\" content=\"1 minute\" \/>\n<script type=\"application\/ld+json\" class=\"yoast-schema-graph\">{\"@context\":\"https:\\\/\\\/schema.org\",\"@graph\":[{\"@type\":\"WebPage\",\"@id\":\"https:\\\/\\\/hotta.eu\\\/lv\\\/shop\\\/hot-berry-habanero-pepper-sauce\\\/\",\"url\":\"https:\\\/\\\/hotta.eu\\\/lv\\\/shop\\\/hot-berry-habanero-pepper-sauce\\\/\",\"name\":\"Hot Berry Habanero Pepper Sauce - Hotta\",\"isPartOf\":{\"@id\":\"https:\\\/\\\/hotta.eu\\\/lv\\\/#website\"},\"primaryImageOfPage\":{\"@id\":\"https:\\\/\\\/hotta.eu\\\/lv\\\/shop\\\/hot-berry-habanero-pepper-sauce\\\/#primaryimage\"},\"image\":{\"@id\":\"https:\\\/\\\/hotta.eu\\\/lv\\\/shop\\\/hot-berry-habanero-pepper-sauce\\\/#primaryimage\"},\"thumbnailUrl\":\"https:\\\/\\\/hotta.eu\\\/wp-content\\\/uploads\\\/2026\\\/03\\\/marie-sharps-hot-berry.jpg\",\"datePublished\":\"2026-03-20T17:57:43+00:00\",\"dateModified\":\"2026-03-20T18:11:37+00:00\",\"description\":\"Marie Sharp's Hot Berry Habanero apvieno me\u017ea ogu dabisko saldumu un habanero \u010dili ugun\u012bgo raksturu vienot\u0101, labi sabalans\u0113t\u0101 m\u0113rc\u0113.\",\"breadcrumb\":{\"@id\":\"https:\\\/\\\/hotta.eu\\\/lv\\\/shop\\\/hot-berry-habanero-pepper-sauce\\\/#breadcrumb\"},\"inLanguage\":\"lv-LV\",\"potentialAction\":[{\"@type\":\"ReadAction\",\"target\":[\"https:\\\/\\\/hotta.eu\\\/lv\\\/shop\\\/hot-berry-habanero-pepper-sauce\\\/\"]}]},{\"@type\":\"ImageObject\",\"inLanguage\":\"lv-LV\",\"@id\":\"https:\\\/\\\/hotta.eu\\\/lv\\\/shop\\\/hot-berry-habanero-pepper-sauce\\\/#primaryimage\",\"url\":\"https:\\\/\\\/hotta.eu\\\/wp-content\\\/uploads\\\/2026\\\/03\\\/marie-sharps-hot-berry.jpg\",\"contentUrl\":\"https:\\\/\\\/hotta.eu\\\/wp-content\\\/uploads\\\/2026\\\/03\\\/marie-sharps-hot-berry.jpg\",\"width\":2048,\"height\":2048},{\"@type\":\"BreadcrumbList\",\"@id\":\"https:\\\/\\\/hotta.eu\\\/lv\\\/shop\\\/hot-berry-habanero-pepper-sauce\\\/#breadcrumb\",\"itemListElement\":[{\"@type\":\"ListItem\",\"position\":1,\"name\":\"S\u0101kums\",\"item\":\"https:\\\/\\\/hotta.eu\\\/lv\\\/sakumlapa\\\/\"},{\"@type\":\"ListItem\",\"position\":2,\"name\":\"Veikals\",\"item\":\"https:\\\/\\\/hotta.eu\\\/lv\\\/shop\\\/\"},{\"@type\":\"ListItem\",\"position\":3,\"name\":\"Hot Berry Habanero Pepper Sauce\"}]},{\"@type\":\"WebSite\",\"@id\":\"https:\\\/\\\/hotta.eu\\\/lv\\\/#website\",\"url\":\"https:\\\/\\\/hotta.eu\\\/lv\\\/\",\"name\":\"Hotta\",\"description\":\"Makes your mouth burn a lotta!\",\"publisher\":{\"@id\":\"https:\\\/\\\/hotta.eu\\\/lv\\\/#organization\"},\"potentialAction\":[{\"@type\":\"SearchAction\",\"target\":{\"@type\":\"EntryPoint\",\"urlTemplate\":\"https:\\\/\\\/hotta.eu\\\/lv\\\/?s={search_term_string}\"},\"query-input\":{\"@type\":\"PropertyValueSpecification\",\"valueRequired\":true,\"valueName\":\"search_term_string\"}}],\"inLanguage\":\"lv-LV\"},{\"@type\":\"Organization\",\"@id\":\"https:\\\/\\\/hotta.eu\\\/lv\\\/#organization\",\"name\":\"Hotta\",\"url\":\"https:\\\/\\\/hotta.eu\\\/lv\\\/\",\"logo\":{\"@type\":\"ImageObject\",\"inLanguage\":\"lv-LV\",\"@id\":\"https:\\\/\\\/hotta.eu\\\/lv\\\/#\\\/schema\\\/logo\\\/image\\\/\",\"url\":\"https:\\\/\\\/hotta.eu\\\/wp-content\\\/uploads\\\/2025\\\/04\\\/hotta-logo-invoice.png\",\"contentUrl\":\"https:\\\/\\\/hotta.eu\\\/wp-content\\\/uploads\\\/2025\\\/04\\\/hotta-logo-invoice.png\",\"width\":600,\"height\":411,\"caption\":\"Hotta\"},\"image\":{\"@id\":\"https:\\\/\\\/hotta.eu\\\/lv\\\/#\\\/schema\\\/logo\\\/image\\\/\"},\"sameAs\":[\"https:\\\/\\\/www.facebook.com\\\/hotta.eu\",\"https:\\\/\\\/x.com\\\/hottashop\",\"https:\\\/\\\/www.instagram.com\\\/hotta.shop\"]}]}<\/script>\n<!-- \/ Yoast SEO plugin. -->","yoast_head_json":{"title":"Hot Berry Habanero Pepper Sauce - Hotta","description":"Marie Sharp's Hot Berry Habanero apvieno me\u017ea ogu dabisko saldumu un habanero \u010dili ugun\u012bgo raksturu vienot\u0101, labi sabalans\u0113t\u0101 m\u0113rc\u0113.","robots":{"index":"index","follow":"follow","max-snippet":"max-snippet:-1","max-image-preview":"max-image-preview:large","max-video-preview":"max-video-preview:-1"},"canonical":"https:\/\/hotta.eu\/lv\/shop\/hot-berry-habanero-pepper-sauce\/","og_locale":"lv_LV","og_type":"article","og_title":"Hot Berry Habanero Pepper Sauce - Hotta","og_description":"Marie Sharp's Hot Berry Habanero apvieno me\u017ea ogu dabisko saldumu un habanero \u010dili ugun\u012bgo raksturu vienot\u0101, labi sabalans\u0113t\u0101 m\u0113rc\u0113.","og_url":"https:\/\/hotta.eu\/lv\/shop\/hot-berry-habanero-pepper-sauce\/","og_site_name":"Hotta","article_publisher":"https:\/\/www.facebook.com\/hotta.eu","article_modified_time":"2026-03-20T18:11:37+00:00","og_image":[{"width":2048,"height":2048,"url":"https:\/\/hotta.eu\/wp-content\/uploads\/2026\/03\/marie-sharps-hot-berry.jpg","type":"image\/jpeg"}],"twitter_card":"summary_large_image","twitter_site":"@hottashop","twitter_misc":{"Est. reading time":"1 minute"},"schema":{"@context":"https:\/\/schema.org","@graph":[{"@type":"WebPage","@id":"https:\/\/hotta.eu\/lv\/shop\/hot-berry-habanero-pepper-sauce\/","url":"https:\/\/hotta.eu\/lv\/shop\/hot-berry-habanero-pepper-sauce\/","name":"Hot Berry Habanero Pepper Sauce - Hotta","isPartOf":{"@id":"https:\/\/hotta.eu\/lv\/#website"},"primaryImageOfPage":{"@id":"https:\/\/hotta.eu\/lv\/shop\/hot-berry-habanero-pepper-sauce\/#primaryimage"},"image":{"@id":"https:\/\/hotta.eu\/lv\/shop\/hot-berry-habanero-pepper-sauce\/#primaryimage"},"thumbnailUrl":"https:\/\/hotta.eu\/wp-content\/uploads\/2026\/03\/marie-sharps-hot-berry.jpg","datePublished":"2026-03-20T17:57:43+00:00","dateModified":"2026-03-20T18:11:37+00:00","description":"Marie Sharp's Hot Berry Habanero apvieno me\u017ea ogu dabisko saldumu un habanero \u010dili ugun\u012bgo raksturu vienot\u0101, labi sabalans\u0113t\u0101 m\u0113rc\u0113.","breadcrumb":{"@id":"https:\/\/hotta.eu\/lv\/shop\/hot-berry-habanero-pepper-sauce\/#breadcrumb"},"inLanguage":"lv-LV","potentialAction":[{"@type":"ReadAction","target":["https:\/\/hotta.eu\/lv\/shop\/hot-berry-habanero-pepper-sauce\/"]}]},{"@type":"ImageObject","inLanguage":"lv-LV","@id":"https:\/\/hotta.eu\/lv\/shop\/hot-berry-habanero-pepper-sauce\/#primaryimage","url":"https:\/\/hotta.eu\/wp-content\/uploads\/2026\/03\/marie-sharps-hot-berry.jpg","contentUrl":"https:\/\/hotta.eu\/wp-content\/uploads\/2026\/03\/marie-sharps-hot-berry.jpg","width":2048,"height":2048},{"@type":"BreadcrumbList","@id":"https:\/\/hotta.eu\/lv\/shop\/hot-berry-habanero-pepper-sauce\/#breadcrumb","itemListElement":[{"@type":"ListItem","position":1,"name":"S\u0101kums","item":"https:\/\/hotta.eu\/lv\/sakumlapa\/"},{"@type":"ListItem","position":2,"name":"Veikals","item":"https:\/\/hotta.eu\/lv\/shop\/"},{"@type":"ListItem","position":3,"name":"Hot Berry Habanero Pepper Sauce"}]},{"@type":"WebSite","@id":"https:\/\/hotta.eu\/lv\/#website","url":"https:\/\/hotta.eu\/lv\/","name":"Hotta","description":"Makes your mouth burn a lotta!","publisher":{"@id":"https:\/\/hotta.eu\/lv\/#organization"},"potentialAction":[{"@type":"SearchAction","target":{"@type":"EntryPoint","urlTemplate":"https:\/\/hotta.eu\/lv\/?s={search_term_string}"},"query-input":{"@type":"PropertyValueSpecification","valueRequired":true,"valueName":"search_term_string"}}],"inLanguage":"lv-LV"},{"@type":"Organization","@id":"https:\/\/hotta.eu\/lv\/#organization","name":"Hotta","url":"https:\/\/hotta.eu\/lv\/","logo":{"@type":"ImageObject","inLanguage":"lv-LV","@id":"https:\/\/hotta.eu\/lv\/#\/schema\/logo\/image\/","url":"https:\/\/hotta.eu\/wp-content\/uploads\/2025\/04\/hotta-logo-invoice.png","contentUrl":"https:\/\/hotta.eu\/wp-content\/uploads\/2025\/04\/hotta-logo-invoice.png","width":600,"height":411,"caption":"Hotta"},"image":{"@id":"https:\/\/hotta.eu\/lv\/#\/schema\/logo\/image\/"},"sameAs":["https:\/\/www.facebook.com\/hotta.eu","https:\/\/x.com\/hottashop","https:\/\/www.instagram.com\/hotta.shop"]}]}},"jetpack_sharing_enabled":true,"_links":{"self":[{"href":"https:\/\/hotta.eu\/lv\/wp-json\/wp\/v2\/product\/25823","targetHints":{"allow":["GET"]}}],"collection":[{"href":"https:\/\/hotta.eu\/lv\/wp-json\/wp\/v2\/product"}],"about":[{"href":"https:\/\/hotta.eu\/lv\/wp-json\/wp\/v2\/types\/product"}],"replies":[{"embeddable":true,"href":"https:\/\/hotta.eu\/lv\/wp-json\/wp\/v2\/comments?post=25823"}],"wp:featuredmedia":[{"embeddable":true,"href":"https:\/\/hotta.eu\/lv\/wp-json\/wp\/v2\/media\/25827"}],"wp:attachment":[{"href":"https:\/\/hotta.eu\/lv\/wp-json\/wp\/v2\/media?parent=25823"}],"wp:term":[{"taxonomy":"product_cat","embeddable":true,"href":"https:\/\/hotta.eu\/lv\/wp-json\/wp\/v2\/product_cat?post=25823"},{"taxonomy":"product_tag","embeddable":true,"href":"https:\/\/hotta.eu\/lv\/wp-json\/wp\/v2\/product_tag?post=25823"},{"taxonomy":"giftcard-category","embeddable":true,"href":"https:\/\/hotta.eu\/lv\/wp-json\/wp\/v2\/giftcard-category?post=25823"}],"curies":[{"name":"wp","href":"https:\/\/api.w.org\/{rel}","templated":true}]}}